{"id":230,"date":"2023-10-21T13:04:30","date_gmt":"2023-10-21T11:04:30","guid":{"rendered":"https:\/\/diyzwerginmirjana.de\/?post_type=product&#038;p=230"},"modified":"2024-06-01T15:02:20","modified_gmt":"2024-06-01T13:02:20","slug":"tuerkranz-herzlich-willkommen","status":"publish","type":"product","link":"https:\/\/diyzwerginmirjana.de\/index.php\/produkt\/tuerkranz-herzlich-willkommen\/","title":{"rendered":"T\u00fcrkranz &#8222;Herzlich Willkommen&#8220;"},"content":{"rendered":"<p>Die Begr\u00fc\u00dfung\u00a0 beginnt bereits vor dem \u00d6ffnen der T\u00fcre. Mit diesem Stickrahmen freut sich ihr Besuch schon bevor sie die T\u00fcre \u00f6ffnen.\u00a0 Wenn sie diesen jedoch nicht an der T\u00fcre nutzen wollen, bietet er sich auch als sch\u00f6ne Wanddekoration an. Zudem ist er das perfekte Geschenk f\u00fcr jeden Anlass.<\/p>\n<p>Der Schriftzug ist mit \u201eHerzlich Willkommen\u201c bestickt.<\/p>\n<p>Auf Wunsch k\u00f6nnt ihr den Rahmen auch personalisieren, schreibe daf\u00fcr einfach in das dazugeh\u00f6rige Feld.<\/p>\n<p>&nbsp;<\/p>\n<p>Meine T\u00fcrkr\u00e4nze haben einen Durchmesser von 24cm und sind damit passend f\u00fcr jede T\u00fcr.<\/p>\n<p>Als Dekoration wird k\u00fcnstlicher Eucalyptus geklebt.<\/p>\n<p>&nbsp;<\/p>\n<p>Achtung: Die T\u00fcrkr\u00e4nze sind aus unbehandeltem Holz und vertragen auf Dauer keine Feuchtigkeit. Ich empfehle ihnen daher die Verwendung im Innenbereich, z.B. an der Wohnungst\u00fcr oder im Eingangsbereich.<\/p>\n","protected":false},"excerpt":{"rendered":"<p>Die Begr\u00fc\u00dfung\u00a0 beginnt bereits vor dem \u00d6ffnen der T\u00fcre. Mit diesem Stickrahmen freut sich ihr Besuch schon bevor sie die T\u00fcre \u00f6ffnen.\u00a0 Wenn sie diesen jedoch nicht an der T\u00fcre nutzen wollen, bietet er sich auch als sch\u00f6ne Wanddekoration an. Zudem ist er das perfekte Geschenk f\u00fcr jeden Anlass. Der Schriftzug ist mit \u201eHerzlich Willkommen\u201c [&hellip;]<\/p>\n","protected":false},"featured_media":319,"comment_status":"open","ping_status":"closed","template":"","meta":[],"product_brand":[],"product_cat":[128,75,15],"product_tag":[55,56,50,54],"class_list":{"0":"post-230","1":"product","2":"type-product","3":"status-publish","4":"has-post-thumbnail","6":"product_cat-sommer","7":"product_cat-tuerdekoration","8":"product_cat-unkategorisiert","9":"product_tag-deko","10":"product_tag-dekoration","11":"product_tag-individuell","12":"product_tag-tuer","14":"first","15":"instock","16":"shipping-taxable","17":"purchasable","18":"product-type-simple"},"yoast_head":"<!-- This site is optimized with the Yoast SEO plugin v27.4 - https:\/\/yoast.com\/product\/yoast-seo-wordpress\/ -->\n<title>T\u00fcrkranz &quot;Herzlich Willkommen&quot; - diyzwerginmirjana<\/title>\n<meta name=\"robots\" content=\"index, follow, max-snippet:-1, max-image-preview:large, max-video-preview:-1\" \/>\n<link rel=\"canonical\" href=\"https:\/\/diyzwerginmirjana.de\/index.php\/produkt\/tuerkranz-herzlich-willkommen\/\" \/>\n<meta property=\"og:locale\" content=\"de_DE\" \/>\n<meta property=\"og:type\" content=\"article\" \/>\n<meta property=\"og:title\" content=\"T\u00fcrkranz &quot;Herzlich Willkommen&quot; - diyzwerginmirjana\" \/>\n<meta property=\"og:description\" content=\"Die Begr\u00fc\u00dfung\u00a0 beginnt bereits vor dem \u00d6ffnen der T\u00fcre. Mit diesem Stickrahmen freut sich ihr Besuch schon bevor sie die T\u00fcre \u00f6ffnen.\u00a0 Wenn sie diesen jedoch nicht an der T\u00fcre nutzen wollen, bietet er sich auch als sch\u00f6ne Wanddekoration an. Zudem ist er das perfekte Geschenk f\u00fcr jeden Anlass. Der Schriftzug ist mit \u201eHerzlich Willkommen\u201c [&hellip;]\" \/>\n<meta property=\"og:url\" content=\"https:\/\/diyzwerginmirjana.de\/index.php\/produkt\/tuerkranz-herzlich-willkommen\/\" \/>\n<meta property=\"og:site_name\" content=\"diyzwerginmirjana\" \/>\n<meta property=\"article:publisher\" content=\"https:\/\/www.facebook.com\/profile.php?id=100078929584222\" \/>\n<meta property=\"article:modified_time\" content=\"2024-06-01T13:02:20+00:00\" \/>\n<meta property=\"og:image\" content=\"https:\/\/diyzwerginmirjana.de\/wp-content\/uploads\/2023\/10\/IMGP2548-scaled.jpg\" \/>\n\t<meta property=\"og:image:width\" content=\"2560\" \/>\n\t<meta property=\"og:image:height\" content=\"1696\" \/>\n\t<meta property=\"og:image:type\" content=\"image\/jpeg\" \/>\n<meta name=\"twitter:card\" content=\"summary_large_image\" \/>\n<meta name=\"twitter:label1\" content=\"Gesch\u00e4tzte Lesezeit\" \/>\n\t<meta name=\"twitter:data1\" content=\"1\u00a0Minute\" \/>\n<script type=\"application\/ld+json\" class=\"yoast-schema-graph\">{\"@context\":\"https:\\\/\\\/schema.org\",\"@graph\":[{\"@type\":\"WebPage\",\"@id\":\"https:\\\/\\\/diyzwerginmirjana.de\\\/index.php\\\/produkt\\\/tuerkranz-herzlich-willkommen\\\/\",\"url\":\"https:\\\/\\\/diyzwerginmirjana.de\\\/index.php\\\/produkt\\\/tuerkranz-herzlich-willkommen\\\/\",\"name\":\"T\u00fcrkranz \\\"Herzlich Willkommen\\\" - diyzwerginmirjana\",\"isPartOf\":{\"@id\":\"https:\\\/\\\/diyzwerginmirjana.de\\\/#website\"},\"primaryImageOfPage\":{\"@id\":\"https:\\\/\\\/diyzwerginmirjana.de\\\/index.php\\\/produkt\\\/tuerkranz-herzlich-willkommen\\\/#primaryimage\"},\"image\":{\"@id\":\"https:\\\/\\\/diyzwerginmirjana.de\\\/index.php\\\/produkt\\\/tuerkranz-herzlich-willkommen\\\/#primaryimage\"},\"thumbnailUrl\":\"https:\\\/\\\/diyzwerginmirjana.de\\\/wp-content\\\/uploads\\\/2023\\\/10\\\/IMGP2548-scaled.jpg\",\"datePublished\":\"2023-10-21T11:04:30+00:00\",\"dateModified\":\"2024-06-01T13:02:20+00:00\",\"breadcrumb\":{\"@id\":\"https:\\\/\\\/diyzwerginmirjana.de\\\/index.php\\\/produkt\\\/tuerkranz-herzlich-willkommen\\\/#breadcrumb\"},\"inLanguage\":\"de\",\"potentialAction\":[{\"@type\":\"ReadAction\",\"target\":[\"https:\\\/\\\/diyzwerginmirjana.de\\\/index.php\\\/produkt\\\/tuerkranz-herzlich-willkommen\\\/\"]}]},{\"@type\":\"ImageObject\",\"inLanguage\":\"de\",\"@id\":\"https:\\\/\\\/diyzwerginmirjana.de\\\/index.php\\\/produkt\\\/tuerkranz-herzlich-willkommen\\\/#primaryimage\",\"url\":\"https:\\\/\\\/diyzwerginmirjana.de\\\/wp-content\\\/uploads\\\/2023\\\/10\\\/IMGP2548-scaled.jpg\",\"contentUrl\":\"https:\\\/\\\/diyzwerginmirjana.de\\\/wp-content\\\/uploads\\\/2023\\\/10\\\/IMGP2548-scaled.jpg\",\"width\":2560,\"height\":1696},{\"@type\":\"BreadcrumbList\",\"@id\":\"https:\\\/\\\/diyzwerginmirjana.de\\\/index.php\\\/produkt\\\/tuerkranz-herzlich-willkommen\\\/#breadcrumb\",\"itemListElement\":[{\"@type\":\"ListItem\",\"position\":1,\"name\":\"Startseite\",\"item\":\"https:\\\/\\\/diyzwerginmirjana.de\\\/\"},{\"@type\":\"ListItem\",\"position\":2,\"name\":\"Shop\",\"item\":\"https:\\\/\\\/diyzwerginmirjana.de\\\/index.php\\\/shop\\\/\"},{\"@type\":\"ListItem\",\"position\":3,\"name\":\"T\u00fcrkranz &#8220;Herzlich Willkommen&#8221;\"}]},{\"@type\":\"WebSite\",\"@id\":\"https:\\\/\\\/diyzwerginmirjana.de\\\/#website\",\"url\":\"https:\\\/\\\/diyzwerginmirjana.de\\\/\",\"name\":\"diyzwerginmirjana\",\"description\":\"individuelle Geschenke mit liebe zum Detail\",\"publisher\":{\"@id\":\"https:\\\/\\\/diyzwerginmirjana.de\\\/#organization\"},\"potentialAction\":[{\"@type\":\"SearchAction\",\"target\":{\"@type\":\"EntryPoint\",\"urlTemplate\":\"https:\\\/\\\/diyzwerginmirjana.de\\\/?s={search_term_string}\"},\"query-input\":{\"@type\":\"PropertyValueSpecification\",\"valueRequired\":true,\"valueName\":\"search_term_string\"}}],\"inLanguage\":\"de\"},{\"@type\":\"Organization\",\"@id\":\"https:\\\/\\\/diyzwerginmirjana.de\\\/#organization\",\"name\":\"diyzwerginmirjana\",\"url\":\"https:\\\/\\\/diyzwerginmirjana.de\\\/\",\"logo\":{\"@type\":\"ImageObject\",\"inLanguage\":\"de\",\"@id\":\"https:\\\/\\\/diyzwerginmirjana.de\\\/#\\\/schema\\\/logo\\\/image\\\/\",\"url\":\"https:\\\/\\\/diyzwerginmirjana.de\\\/wp-content\\\/uploads\\\/2023\\\/10\\\/cropped-Logo3.jpeg\",\"contentUrl\":\"https:\\\/\\\/diyzwerginmirjana.de\\\/wp-content\\\/uploads\\\/2023\\\/10\\\/cropped-Logo3.jpeg\",\"width\":1467,\"height\":260,\"caption\":\"diyzwerginmirjana\"},\"image\":{\"@id\":\"https:\\\/\\\/diyzwerginmirjana.de\\\/#\\\/schema\\\/logo\\\/image\\\/\"},\"sameAs\":[\"https:\\\/\\\/www.facebook.com\\\/profile.php?id=100078929584222\",\"https:\\\/\\\/instagram.com\\\/diyzwerginmirjana?igshid=MzMyNGUyNmU2YQ&utm_source=qr\"]}]}<\/script>\n<!-- \/ Yoast SEO plugin. -->","yoast_head_json":{"title":"T\u00fcrkranz \"Herzlich Willkommen\" - diyzwerginmirjana","robots":{"index":"index","follow":"follow","max-snippet":"max-snippet:-1","max-image-preview":"max-image-preview:large","max-video-preview":"max-video-preview:-1"},"canonical":"https:\/\/diyzwerginmirjana.de\/index.php\/produkt\/tuerkranz-herzlich-willkommen\/","og_locale":"de_DE","og_type":"article","og_title":"T\u00fcrkranz \"Herzlich Willkommen\" - diyzwerginmirjana","og_description":"Die Begr\u00fc\u00dfung\u00a0 beginnt bereits vor dem \u00d6ffnen der T\u00fcre. Mit diesem Stickrahmen freut sich ihr Besuch schon bevor sie die T\u00fcre \u00f6ffnen.\u00a0 Wenn sie diesen jedoch nicht an der T\u00fcre nutzen wollen, bietet er sich auch als sch\u00f6ne Wanddekoration an. Zudem ist er das perfekte Geschenk f\u00fcr jeden Anlass. Der Schriftzug ist mit \u201eHerzlich Willkommen\u201c [&hellip;]","og_url":"https:\/\/diyzwerginmirjana.de\/index.php\/produkt\/tuerkranz-herzlich-willkommen\/","og_site_name":"diyzwerginmirjana","article_publisher":"https:\/\/www.facebook.com\/profile.php?id=100078929584222","article_modified_time":"2024-06-01T13:02:20+00:00","og_image":[{"width":2560,"height":1696,"url":"https:\/\/diyzwerginmirjana.de\/wp-content\/uploads\/2023\/10\/IMGP2548-scaled.jpg","type":"image\/jpeg"}],"twitter_card":"summary_large_image","twitter_misc":{"Gesch\u00e4tzte Lesezeit":"1\u00a0Minute"},"schema":{"@context":"https:\/\/schema.org","@graph":[{"@type":"WebPage","@id":"https:\/\/diyzwerginmirjana.de\/index.php\/produkt\/tuerkranz-herzlich-willkommen\/","url":"https:\/\/diyzwerginmirjana.de\/index.php\/produkt\/tuerkranz-herzlich-willkommen\/","name":"T\u00fcrkranz \"Herzlich Willkommen\" - diyzwerginmirjana","isPartOf":{"@id":"https:\/\/diyzwerginmirjana.de\/#website"},"primaryImageOfPage":{"@id":"https:\/\/diyzwerginmirjana.de\/index.php\/produkt\/tuerkranz-herzlich-willkommen\/#primaryimage"},"image":{"@id":"https:\/\/diyzwerginmirjana.de\/index.php\/produkt\/tuerkranz-herzlich-willkommen\/#primaryimage"},"thumbnailUrl":"https:\/\/diyzwerginmirjana.de\/wp-content\/uploads\/2023\/10\/IMGP2548-scaled.jpg","datePublished":"2023-10-21T11:04:30+00:00","dateModified":"2024-06-01T13:02:20+00:00","breadcrumb":{"@id":"https:\/\/diyzwerginmirjana.de\/index.php\/produkt\/tuerkranz-herzlich-willkommen\/#breadcrumb"},"inLanguage":"de","potentialAction":[{"@type":"ReadAction","target":["https:\/\/diyzwerginmirjana.de\/index.php\/produkt\/tuerkranz-herzlich-willkommen\/"]}]},{"@type":"ImageObject","inLanguage":"de","@id":"https:\/\/diyzwerginmirjana.de\/index.php\/produkt\/tuerkranz-herzlich-willkommen\/#primaryimage","url":"https:\/\/diyzwerginmirjana.de\/wp-content\/uploads\/2023\/10\/IMGP2548-scaled.jpg","contentUrl":"https:\/\/diyzwerginmirjana.de\/wp-content\/uploads\/2023\/10\/IMGP2548-scaled.jpg","width":2560,"height":1696},{"@type":"BreadcrumbList","@id":"https:\/\/diyzwerginmirjana.de\/index.php\/produkt\/tuerkranz-herzlich-willkommen\/#breadcrumb","itemListElement":[{"@type":"ListItem","position":1,"name":"Startseite","item":"https:\/\/diyzwerginmirjana.de\/"},{"@type":"ListItem","position":2,"name":"Shop","item":"https:\/\/diyzwerginmirjana.de\/index.php\/shop\/"},{"@type":"ListItem","position":3,"name":"T\u00fcrkranz &#8220;Herzlich Willkommen&#8221;"}]},{"@type":"WebSite","@id":"https:\/\/diyzwerginmirjana.de\/#website","url":"https:\/\/diyzwerginmirjana.de\/","name":"diyzwerginmirjana","description":"individuelle Geschenke mit liebe zum Detail","publisher":{"@id":"https:\/\/diyzwerginmirjana.de\/#organization"},"potentialAction":[{"@type":"SearchAction","target":{"@type":"EntryPoint","urlTemplate":"https:\/\/diyzwerginmirjana.de\/?s={search_term_string}"},"query-input":{"@type":"PropertyValueSpecification","valueRequired":true,"valueName":"search_term_string"}}],"inLanguage":"de"},{"@type":"Organization","@id":"https:\/\/diyzwerginmirjana.de\/#organization","name":"diyzwerginmirjana","url":"https:\/\/diyzwerginmirjana.de\/","logo":{"@type":"ImageObject","inLanguage":"de","@id":"https:\/\/diyzwerginmirjana.de\/#\/schema\/logo\/image\/","url":"https:\/\/diyzwerginmirjana.de\/wp-content\/uploads\/2023\/10\/cropped-Logo3.jpeg","contentUrl":"https:\/\/diyzwerginmirjana.de\/wp-content\/uploads\/2023\/10\/cropped-Logo3.jpeg","width":1467,"height":260,"caption":"diyzwerginmirjana"},"image":{"@id":"https:\/\/diyzwerginmirjana.de\/#\/schema\/logo\/image\/"},"sameAs":["https:\/\/www.facebook.com\/profile.php?id=100078929584222","https:\/\/instagram.com\/diyzwerginmirjana?igshid=MzMyNGUyNmU2YQ&utm_source=qr"]}]}},"_links":{"self":[{"href":"https:\/\/diyzwerginmirjana.de\/index.php\/wp-json\/wp\/v2\/product\/230","targetHints":{"allow":["GET"]}}],"collection":[{"href":"https:\/\/diyzwerginmirjana.de\/index.php\/wp-json\/wp\/v2\/product"}],"about":[{"href":"https:\/\/diyzwerginmirjana.de\/index.php\/wp-json\/wp\/v2\/types\/product"}],"replies":[{"embeddable":true,"href":"https:\/\/diyzwerginmirjana.de\/index.php\/wp-json\/wp\/v2\/comments?post=230"}],"wp:featuredmedia":[{"embeddable":true,"href":"https:\/\/diyzwerginmirjana.de\/index.php\/wp-json\/wp\/v2\/media\/319"}],"wp:attachment":[{"href":"https:\/\/diyzwerginmirjana.de\/index.php\/wp-json\/wp\/v2\/media?parent=230"}],"wp:term":[{"taxonomy":"product_brand","embeddable":true,"href":"https:\/\/diyzwerginmirjana.de\/index.php\/wp-json\/wp\/v2\/product_brand?post=230"},{"taxonomy":"product_cat","embeddable":true,"href":"https:\/\/diyzwerginmirjana.de\/index.php\/wp-json\/wp\/v2\/product_cat?post=230"},{"taxonomy":"product_tag","embeddable":true,"href":"https:\/\/diyzwerginmirjana.de\/index.php\/wp-json\/wp\/v2\/product_tag?post=230"}],"curies":[{"name":"wp","href":"https:\/\/api.w.org\/{rel}","templated":true}]}}