{"id":576,"date":"2024-03-05T19:32:25","date_gmt":"2024-03-05T18:32:25","guid":{"rendered":"https:\/\/diyzwerginmirjana.de\/?post_type=product&#038;p=576"},"modified":"2026-02-18T15:45:27","modified_gmt":"2026-02-18T14:45:27","slug":"holzeier-zum-aufhaengen","status":"publish","type":"product","link":"https:\/\/diyzwerginmirjana.de\/index.php\/produkt\/holzeier-zum-aufhaengen\/","title":{"rendered":"Holzeier zum Aufh\u00e4ngen"},"content":{"rendered":"<p>Kleine Anh\u00e4nger in Form eines Ei.<\/p>\n<p>Die Eier sind aus Holz und in vier verschiedenen Farben erh\u00e4ltlich (wei\u00df, orange, rosa und gr\u00fcn)<\/p>\n<p>Sie haben eine Dicke von 5,5mm und eine H\u00f6he von 9cm.<\/p>\n<p>Die Eier gibt es mit dein Aufdruck &#8222;Happy easter&#8220;<\/p>\n","protected":false},"excerpt":{"rendered":"<p>Kleine Anh\u00e4nger in Form eines Ei. Die Eier sind aus Holz und in vier verschiedenen Farben erh\u00e4ltlich (wei\u00df, orange, rosa und gr\u00fcn) Sie haben eine Dicke von 5,5mm und eine H\u00f6he von 9cm. Die Eier gibt es mit dein Aufdruck &#8222;Happy easter&#8220;<\/p>\n","protected":false},"featured_media":577,"comment_status":"open","ping_status":"closed","template":"","meta":[],"product_brand":[],"product_cat":[35,83],"product_tag":[85,55,56,96,86],"class_list":{"0":"post-576","1":"product","2":"type-product","3":"status-publish","4":"has-post-thumbnail","6":"product_cat-beliebte-produkte","7":"product_cat-ostern","8":"product_tag-anhaenger","9":"product_tag-deko","10":"product_tag-dekoration","11":"product_tag-eier","12":"product_tag-ostern","14":"first","15":"instock","16":"shipping-taxable","17":"purchasable","18":"product-type-simple"},"yoast_head":"<!-- This site is optimized with the Yoast SEO plugin v27.3 - https:\/\/yoast.com\/product\/yoast-seo-wordpress\/ -->\n<title>Holzeier zum Aufh\u00e4ngen - diyzwerginmirjana<\/title>\n<meta name=\"robots\" content=\"index, follow, max-snippet:-1, max-image-preview:large, max-video-preview:-1\" \/>\n<link rel=\"canonical\" href=\"https:\/\/diyzwerginmirjana.de\/index.php\/produkt\/holzeier-zum-aufhaengen\/\" \/>\n<meta property=\"og:locale\" content=\"de_DE\" \/>\n<meta property=\"og:type\" content=\"article\" \/>\n<meta property=\"og:title\" content=\"Holzeier zum Aufh\u00e4ngen - diyzwerginmirjana\" \/>\n<meta property=\"og:description\" content=\"Kleine Anh\u00e4nger in Form eines Ei. Die Eier sind aus Holz und in vier verschiedenen Farben erh\u00e4ltlich (wei\u00df, orange, rosa und gr\u00fcn) Sie haben eine Dicke von 5,5mm und eine H\u00f6he von 9cm. Die Eier gibt es mit dein Aufdruck &#8222;Happy easter&#8220;\" \/>\n<meta property=\"og:url\" content=\"https:\/\/diyzwerginmirjana.de\/index.php\/produkt\/holzeier-zum-aufhaengen\/\" \/>\n<meta property=\"og:site_name\" content=\"diyzwerginmirjana\" \/>\n<meta property=\"article:publisher\" content=\"https:\/\/www.facebook.com\/profile.php?id=100078929584222\" \/>\n<meta property=\"article:modified_time\" content=\"2026-02-18T14:45:27+00:00\" \/>\n<meta property=\"og:image\" content=\"https:\/\/diyzwerginmirjana.de\/wp-content\/uploads\/2024\/03\/IMGP5562-scaled.jpg\" \/>\n\t<meta property=\"og:image:width\" content=\"2560\" \/>\n\t<meta property=\"og:image:height\" content=\"1707\" \/>\n\t<meta property=\"og:image:type\" content=\"image\/jpeg\" \/>\n<meta name=\"twitter:card\" content=\"summary_large_image\" \/>\n<meta name=\"twitter:label1\" content=\"Gesch\u00e4tzte Lesezeit\" \/>\n\t<meta name=\"twitter:data1\" content=\"1\u00a0Minute\" \/>\n<script type=\"application\/ld+json\" class=\"yoast-schema-graph\">{\"@context\":\"https:\\\/\\\/schema.org\",\"@graph\":[{\"@type\":\"WebPage\",\"@id\":\"https:\\\/\\\/diyzwerginmirjana.de\\\/index.php\\\/produkt\\\/holzeier-zum-aufhaengen\\\/\",\"url\":\"https:\\\/\\\/diyzwerginmirjana.de\\\/index.php\\\/produkt\\\/holzeier-zum-aufhaengen\\\/\",\"name\":\"Holzeier zum Aufh\u00e4ngen - diyzwerginmirjana\",\"isPartOf\":{\"@id\":\"https:\\\/\\\/diyzwerginmirjana.de\\\/#website\"},\"primaryImageOfPage\":{\"@id\":\"https:\\\/\\\/diyzwerginmirjana.de\\\/index.php\\\/produkt\\\/holzeier-zum-aufhaengen\\\/#primaryimage\"},\"image\":{\"@id\":\"https:\\\/\\\/diyzwerginmirjana.de\\\/index.php\\\/produkt\\\/holzeier-zum-aufhaengen\\\/#primaryimage\"},\"thumbnailUrl\":\"https:\\\/\\\/diyzwerginmirjana.de\\\/wp-content\\\/uploads\\\/2024\\\/03\\\/IMGP5562-scaled.jpg\",\"datePublished\":\"2024-03-05T18:32:25+00:00\",\"dateModified\":\"2026-02-18T14:45:27+00:00\",\"breadcrumb\":{\"@id\":\"https:\\\/\\\/diyzwerginmirjana.de\\\/index.php\\\/produkt\\\/holzeier-zum-aufhaengen\\\/#breadcrumb\"},\"inLanguage\":\"de\",\"potentialAction\":[{\"@type\":\"ReadAction\",\"target\":[\"https:\\\/\\\/diyzwerginmirjana.de\\\/index.php\\\/produkt\\\/holzeier-zum-aufhaengen\\\/\"]}]},{\"@type\":\"ImageObject\",\"inLanguage\":\"de\",\"@id\":\"https:\\\/\\\/diyzwerginmirjana.de\\\/index.php\\\/produkt\\\/holzeier-zum-aufhaengen\\\/#primaryimage\",\"url\":\"https:\\\/\\\/diyzwerginmirjana.de\\\/wp-content\\\/uploads\\\/2024\\\/03\\\/IMGP5562-scaled.jpg\",\"contentUrl\":\"https:\\\/\\\/diyzwerginmirjana.de\\\/wp-content\\\/uploads\\\/2024\\\/03\\\/IMGP5562-scaled.jpg\",\"width\":2560,\"height\":1707},{\"@type\":\"BreadcrumbList\",\"@id\":\"https:\\\/\\\/diyzwerginmirjana.de\\\/index.php\\\/produkt\\\/holzeier-zum-aufhaengen\\\/#breadcrumb\",\"itemListElement\":[{\"@type\":\"ListItem\",\"position\":1,\"name\":\"Startseite\",\"item\":\"https:\\\/\\\/diyzwerginmirjana.de\\\/\"},{\"@type\":\"ListItem\",\"position\":2,\"name\":\"Shop\",\"item\":\"https:\\\/\\\/diyzwerginmirjana.de\\\/index.php\\\/shop\\\/\"},{\"@type\":\"ListItem\",\"position\":3,\"name\":\"Holzeier zum Aufh\u00e4ngen\"}]},{\"@type\":\"WebSite\",\"@id\":\"https:\\\/\\\/diyzwerginmirjana.de\\\/#website\",\"url\":\"https:\\\/\\\/diyzwerginmirjana.de\\\/\",\"name\":\"diyzwerginmirjana\",\"description\":\"individuelle Geschenke mit liebe zum Detail\",\"publisher\":{\"@id\":\"https:\\\/\\\/diyzwerginmirjana.de\\\/#organization\"},\"potentialAction\":[{\"@type\":\"SearchAction\",\"target\":{\"@type\":\"EntryPoint\",\"urlTemplate\":\"https:\\\/\\\/diyzwerginmirjana.de\\\/?s={search_term_string}\"},\"query-input\":{\"@type\":\"PropertyValueSpecification\",\"valueRequired\":true,\"valueName\":\"search_term_string\"}}],\"inLanguage\":\"de\"},{\"@type\":\"Organization\",\"@id\":\"https:\\\/\\\/diyzwerginmirjana.de\\\/#organization\",\"name\":\"diyzwerginmirjana\",\"url\":\"https:\\\/\\\/diyzwerginmirjana.de\\\/\",\"logo\":{\"@type\":\"ImageObject\",\"inLanguage\":\"de\",\"@id\":\"https:\\\/\\\/diyzwerginmirjana.de\\\/#\\\/schema\\\/logo\\\/image\\\/\",\"url\":\"https:\\\/\\\/diyzwerginmirjana.de\\\/wp-content\\\/uploads\\\/2023\\\/10\\\/cropped-Logo3.jpeg\",\"contentUrl\":\"https:\\\/\\\/diyzwerginmirjana.de\\\/wp-content\\\/uploads\\\/2023\\\/10\\\/cropped-Logo3.jpeg\",\"width\":1467,\"height\":260,\"caption\":\"diyzwerginmirjana\"},\"image\":{\"@id\":\"https:\\\/\\\/diyzwerginmirjana.de\\\/#\\\/schema\\\/logo\\\/image\\\/\"},\"sameAs\":[\"https:\\\/\\\/www.facebook.com\\\/profile.php?id=100078929584222\",\"https:\\\/\\\/instagram.com\\\/diyzwerginmirjana?igshid=MzMyNGUyNmU2YQ&utm_source=qr\"]}]}<\/script>\n<!-- \/ Yoast SEO plugin. -->","yoast_head_json":{"title":"Holzeier zum Aufh\u00e4ngen - diyzwerginmirjana","robots":{"index":"index","follow":"follow","max-snippet":"max-snippet:-1","max-image-preview":"max-image-preview:large","max-video-preview":"max-video-preview:-1"},"canonical":"https:\/\/diyzwerginmirjana.de\/index.php\/produkt\/holzeier-zum-aufhaengen\/","og_locale":"de_DE","og_type":"article","og_title":"Holzeier zum Aufh\u00e4ngen - diyzwerginmirjana","og_description":"Kleine Anh\u00e4nger in Form eines Ei. Die Eier sind aus Holz und in vier verschiedenen Farben erh\u00e4ltlich (wei\u00df, orange, rosa und gr\u00fcn) Sie haben eine Dicke von 5,5mm und eine H\u00f6he von 9cm. Die Eier gibt es mit dein Aufdruck &#8222;Happy easter&#8220;","og_url":"https:\/\/diyzwerginmirjana.de\/index.php\/produkt\/holzeier-zum-aufhaengen\/","og_site_name":"diyzwerginmirjana","article_publisher":"https:\/\/www.facebook.com\/profile.php?id=100078929584222","article_modified_time":"2026-02-18T14:45:27+00:00","og_image":[{"width":2560,"height":1707,"url":"https:\/\/diyzwerginmirjana.de\/wp-content\/uploads\/2024\/03\/IMGP5562-scaled.jpg","type":"image\/jpeg"}],"twitter_card":"summary_large_image","twitter_misc":{"Gesch\u00e4tzte Lesezeit":"1\u00a0Minute"},"schema":{"@context":"https:\/\/schema.org","@graph":[{"@type":"WebPage","@id":"https:\/\/diyzwerginmirjana.de\/index.php\/produkt\/holzeier-zum-aufhaengen\/","url":"https:\/\/diyzwerginmirjana.de\/index.php\/produkt\/holzeier-zum-aufhaengen\/","name":"Holzeier zum Aufh\u00e4ngen - diyzwerginmirjana","isPartOf":{"@id":"https:\/\/diyzwerginmirjana.de\/#website"},"primaryImageOfPage":{"@id":"https:\/\/diyzwerginmirjana.de\/index.php\/produkt\/holzeier-zum-aufhaengen\/#primaryimage"},"image":{"@id":"https:\/\/diyzwerginmirjana.de\/index.php\/produkt\/holzeier-zum-aufhaengen\/#primaryimage"},"thumbnailUrl":"https:\/\/diyzwerginmirjana.de\/wp-content\/uploads\/2024\/03\/IMGP5562-scaled.jpg","datePublished":"2024-03-05T18:32:25+00:00","dateModified":"2026-02-18T14:45:27+00:00","breadcrumb":{"@id":"https:\/\/diyzwerginmirjana.de\/index.php\/produkt\/holzeier-zum-aufhaengen\/#breadcrumb"},"inLanguage":"de","potentialAction":[{"@type":"ReadAction","target":["https:\/\/diyzwerginmirjana.de\/index.php\/produkt\/holzeier-zum-aufhaengen\/"]}]},{"@type":"ImageObject","inLanguage":"de","@id":"https:\/\/diyzwerginmirjana.de\/index.php\/produkt\/holzeier-zum-aufhaengen\/#primaryimage","url":"https:\/\/diyzwerginmirjana.de\/wp-content\/uploads\/2024\/03\/IMGP5562-scaled.jpg","contentUrl":"https:\/\/diyzwerginmirjana.de\/wp-content\/uploads\/2024\/03\/IMGP5562-scaled.jpg","width":2560,"height":1707},{"@type":"BreadcrumbList","@id":"https:\/\/diyzwerginmirjana.de\/index.php\/produkt\/holzeier-zum-aufhaengen\/#breadcrumb","itemListElement":[{"@type":"ListItem","position":1,"name":"Startseite","item":"https:\/\/diyzwerginmirjana.de\/"},{"@type":"ListItem","position":2,"name":"Shop","item":"https:\/\/diyzwerginmirjana.de\/index.php\/shop\/"},{"@type":"ListItem","position":3,"name":"Holzeier zum Aufh\u00e4ngen"}]},{"@type":"WebSite","@id":"https:\/\/diyzwerginmirjana.de\/#website","url":"https:\/\/diyzwerginmirjana.de\/","name":"diyzwerginmirjana","description":"individuelle Geschenke mit liebe zum Detail","publisher":{"@id":"https:\/\/diyzwerginmirjana.de\/#organization"},"potentialAction":[{"@type":"SearchAction","target":{"@type":"EntryPoint","urlTemplate":"https:\/\/diyzwerginmirjana.de\/?s={search_term_string}"},"query-input":{"@type":"PropertyValueSpecification","valueRequired":true,"valueName":"search_term_string"}}],"inLanguage":"de"},{"@type":"Organization","@id":"https:\/\/diyzwerginmirjana.de\/#organization","name":"diyzwerginmirjana","url":"https:\/\/diyzwerginmirjana.de\/","logo":{"@type":"ImageObject","inLanguage":"de","@id":"https:\/\/diyzwerginmirjana.de\/#\/schema\/logo\/image\/","url":"https:\/\/diyzwerginmirjana.de\/wp-content\/uploads\/2023\/10\/cropped-Logo3.jpeg","contentUrl":"https:\/\/diyzwerginmirjana.de\/wp-content\/uploads\/2023\/10\/cropped-Logo3.jpeg","width":1467,"height":260,"caption":"diyzwerginmirjana"},"image":{"@id":"https:\/\/diyzwerginmirjana.de\/#\/schema\/logo\/image\/"},"sameAs":["https:\/\/www.facebook.com\/profile.php?id=100078929584222","https:\/\/instagram.com\/diyzwerginmirjana?igshid=MzMyNGUyNmU2YQ&utm_source=qr"]}]}},"_links":{"self":[{"href":"https:\/\/diyzwerginmirjana.de\/index.php\/wp-json\/wp\/v2\/product\/576","targetHints":{"allow":["GET"]}}],"collection":[{"href":"https:\/\/diyzwerginmirjana.de\/index.php\/wp-json\/wp\/v2\/product"}],"about":[{"href":"https:\/\/diyzwerginmirjana.de\/index.php\/wp-json\/wp\/v2\/types\/product"}],"replies":[{"embeddable":true,"href":"https:\/\/diyzwerginmirjana.de\/index.php\/wp-json\/wp\/v2\/comments?post=576"}],"wp:featuredmedia":[{"embeddable":true,"href":"https:\/\/diyzwerginmirjana.de\/index.php\/wp-json\/wp\/v2\/media\/577"}],"wp:attachment":[{"href":"https:\/\/diyzwerginmirjana.de\/index.php\/wp-json\/wp\/v2\/media?parent=576"}],"wp:term":[{"taxonomy":"product_brand","embeddable":true,"href":"https:\/\/diyzwerginmirjana.de\/index.php\/wp-json\/wp\/v2\/product_brand?post=576"},{"taxonomy":"product_cat","embeddable":true,"href":"https:\/\/diyzwerginmirjana.de\/index.php\/wp-json\/wp\/v2\/product_cat?post=576"},{"taxonomy":"product_tag","embeddable":true,"href":"https:\/\/diyzwerginmirjana.de\/index.php\/wp-json\/wp\/v2\/product_tag?post=576"}],"curies":[{"name":"wp","href":"https:\/\/api.w.org\/{rel}","templated":true}]}}