{"id":637,"date":"2024-06-01T08:38:20","date_gmt":"2024-06-01T06:38:20","guid":{"rendered":"https:\/\/diyzwerginmirjana.de\/?post_type=product&#038;p=637"},"modified":"2026-02-18T15:32:53","modified_gmt":"2026-02-18T14:32:53","slug":"hochzeitsgeschenkeset-untersetzer-und-windlicht","status":"publish","type":"product","link":"https:\/\/diyzwerginmirjana.de\/index.php\/produkt\/hochzeitsgeschenkeset-untersetzer-und-windlicht\/","title":{"rendered":"Hochzeitsgeschenkeset &#8211; Untersetzer und Windlicht"},"content":{"rendered":"<p>Zur Hochzeit gibt es ganz besondere Geschenke.<\/p>\n<p>Setzen Sie leicht besondere Akzente und schaffen Sie ein gem\u00fctliches Wohlbefinden bei sich zuhause.<\/p>\n<p>Das Glas hat eine H\u00f6he von 18cm und sch\u00fctzt ihr Kerzenlicht ideal vor Wind. F\u00fcr Indoor und Outdoor geeignet.<\/p>\n<p>Zudem noch Sechs wundersch\u00f6ne und wiederverwendbare Filzuntersetzer\u00a0 f\u00fcr Laue Sommern\u00e4chte oder f\u00fcr eine warme Pause im Winter. Um an einem Entspannten Abend keine Wasserkr\u00e4nze auf dem Tisch zu haben, sind die Untersetzer eine super L\u00f6sung. Es ist eine nachhaltige alternative f\u00fcr die bekannten Pappuntersetzer.<\/p>\n<p>Es sind 6 Untersetzer, werden wie auf den Bildern bedruckt. (Datum Kiche im Herz, Mr. &amp; Mrs. Nachname, Datum Standesamt mit Ringen, Name Braut, Name Br\u00e4utigam, Just Married). Sie haben einen Durchmesser von \u00d8 10 cm. Sie k\u00f6nnen sich zwischen 2 Farben entscheiden, Dunkelgrau mit wei\u00df oder Hellgrau mit schwarz.<\/p>\n<p>ACHTUNG: Die Lieferung erfolgt ohne Deko<\/p>\n<p>!!! Jedes unserer Produkte ist ein handgemachtes Unikat. Kleine Luftbl\u00e4schen sowie formbedingt kleine Unebenheiten und leichte Schlieren k\u00f6nnen vorkommen und machen den Handmade-Look aus!<\/p>\n","protected":false},"excerpt":{"rendered":"<p>Zur Hochzeit gibt es ganz besondere Geschenke. Setzen Sie leicht besondere Akzente und schaffen Sie ein gem\u00fctliches Wohlbefinden bei sich zuhause. Das Glas hat eine H\u00f6he von 18cm und sch\u00fctzt ihr Kerzenlicht ideal vor Wind. F\u00fcr Indoor und Outdoor geeignet. Zudem noch Sechs wundersch\u00f6ne und wiederverwendbare Filzuntersetzer\u00a0 f\u00fcr Laue Sommern\u00e4chte oder f\u00fcr eine warme Pause [&hellip;]<\/p>\n","protected":false},"featured_media":642,"comment_status":"open","ping_status":"closed","template":"","meta":[],"product_brand":[],"product_cat":[35,74,36,118,128,71,73,72],"product_tag":[93,119,91,41,65],"class_list":{"0":"post-637","1":"product","2":"type-product","3":"status-publish","4":"has-post-thumbnail","6":"product_cat-beliebte-produkte","7":"product_cat-dekoration","8":"product_cat-front-page-produkte","9":"product_cat-hochzeit","10":"product_cat-sommer","11":"product_cat-tischdekoration","12":"product_cat-untersetzer","13":"product_cat-windlicht","14":"product_tag-geschenk","15":"product_tag-hochzeit","16":"product_tag-set","17":"product_tag-untersetzer","18":"product_tag-windlicht","20":"first","21":"instock","22":"shipping-taxable","23":"purchasable","24":"product-type-simple"},"yoast_head":"<!-- This site is optimized with the Yoast SEO plugin v27.5 - https:\/\/yoast.com\/product\/yoast-seo-wordpress\/ -->\n<title>Hochzeitsgeschenkeset - Untersetzer und Windlicht - diyzwerginmirjana<\/title>\n<meta name=\"robots\" content=\"index, follow, max-snippet:-1, max-image-preview:large, max-video-preview:-1\" \/>\n<link rel=\"canonical\" href=\"https:\/\/diyzwerginmirjana.de\/index.php\/produkt\/hochzeitsgeschenkeset-untersetzer-und-windlicht\/\" \/>\n<meta property=\"og:locale\" content=\"de_DE\" \/>\n<meta property=\"og:type\" content=\"article\" \/>\n<meta property=\"og:title\" content=\"Hochzeitsgeschenkeset - Untersetzer und Windlicht - diyzwerginmirjana\" \/>\n<meta property=\"og:description\" content=\"Zur Hochzeit gibt es ganz besondere Geschenke. Setzen Sie leicht besondere Akzente und schaffen Sie ein gem\u00fctliches Wohlbefinden bei sich zuhause. Das Glas hat eine H\u00f6he von 18cm und sch\u00fctzt ihr Kerzenlicht ideal vor Wind. F\u00fcr Indoor und Outdoor geeignet. Zudem noch Sechs wundersch\u00f6ne und wiederverwendbare Filzuntersetzer\u00a0 f\u00fcr Laue Sommern\u00e4chte oder f\u00fcr eine warme Pause [&hellip;]\" \/>\n<meta property=\"og:url\" content=\"https:\/\/diyzwerginmirjana.de\/index.php\/produkt\/hochzeitsgeschenkeset-untersetzer-und-windlicht\/\" \/>\n<meta property=\"og:site_name\" content=\"diyzwerginmirjana\" \/>\n<meta property=\"article:publisher\" content=\"https:\/\/www.facebook.com\/profile.php?id=100078929584222\" \/>\n<meta property=\"article:modified_time\" content=\"2026-02-18T14:32:53+00:00\" \/>\n<meta property=\"og:image\" content=\"https:\/\/diyzwerginmirjana.de\/wp-content\/uploads\/2024\/06\/IMGP5702-scaled.jpg\" \/>\n\t<meta property=\"og:image:width\" content=\"2560\" \/>\n\t<meta property=\"og:image:height\" content=\"1926\" \/>\n\t<meta property=\"og:image:type\" content=\"image\/jpeg\" \/>\n<meta name=\"twitter:card\" content=\"summary_large_image\" \/>\n<meta name=\"twitter:label1\" content=\"Gesch\u00e4tzte Lesezeit\" \/>\n\t<meta name=\"twitter:data1\" content=\"2\u00a0Minuten\" \/>\n<script type=\"application\/ld+json\" class=\"yoast-schema-graph\">{\"@context\":\"https:\\\/\\\/schema.org\",\"@graph\":[{\"@type\":\"WebPage\",\"@id\":\"https:\\\/\\\/diyzwerginmirjana.de\\\/index.php\\\/produkt\\\/hochzeitsgeschenkeset-untersetzer-und-windlicht\\\/\",\"url\":\"https:\\\/\\\/diyzwerginmirjana.de\\\/index.php\\\/produkt\\\/hochzeitsgeschenkeset-untersetzer-und-windlicht\\\/\",\"name\":\"Hochzeitsgeschenkeset - Untersetzer und Windlicht - diyzwerginmirjana\",\"isPartOf\":{\"@id\":\"https:\\\/\\\/diyzwerginmirjana.de\\\/#website\"},\"primaryImageOfPage\":{\"@id\":\"https:\\\/\\\/diyzwerginmirjana.de\\\/index.php\\\/produkt\\\/hochzeitsgeschenkeset-untersetzer-und-windlicht\\\/#primaryimage\"},\"image\":{\"@id\":\"https:\\\/\\\/diyzwerginmirjana.de\\\/index.php\\\/produkt\\\/hochzeitsgeschenkeset-untersetzer-und-windlicht\\\/#primaryimage\"},\"thumbnailUrl\":\"https:\\\/\\\/diyzwerginmirjana.de\\\/wp-content\\\/uploads\\\/2024\\\/06\\\/IMGP5702-scaled.jpg\",\"datePublished\":\"2024-06-01T06:38:20+00:00\",\"dateModified\":\"2026-02-18T14:32:53+00:00\",\"breadcrumb\":{\"@id\":\"https:\\\/\\\/diyzwerginmirjana.de\\\/index.php\\\/produkt\\\/hochzeitsgeschenkeset-untersetzer-und-windlicht\\\/#breadcrumb\"},\"inLanguage\":\"de\",\"potentialAction\":[{\"@type\":\"ReadAction\",\"target\":[\"https:\\\/\\\/diyzwerginmirjana.de\\\/index.php\\\/produkt\\\/hochzeitsgeschenkeset-untersetzer-und-windlicht\\\/\"]}]},{\"@type\":\"ImageObject\",\"inLanguage\":\"de\",\"@id\":\"https:\\\/\\\/diyzwerginmirjana.de\\\/index.php\\\/produkt\\\/hochzeitsgeschenkeset-untersetzer-und-windlicht\\\/#primaryimage\",\"url\":\"https:\\\/\\\/diyzwerginmirjana.de\\\/wp-content\\\/uploads\\\/2024\\\/06\\\/IMGP5702-scaled.jpg\",\"contentUrl\":\"https:\\\/\\\/diyzwerginmirjana.de\\\/wp-content\\\/uploads\\\/2024\\\/06\\\/IMGP5702-scaled.jpg\",\"width\":2560,\"height\":1926},{\"@type\":\"BreadcrumbList\",\"@id\":\"https:\\\/\\\/diyzwerginmirjana.de\\\/index.php\\\/produkt\\\/hochzeitsgeschenkeset-untersetzer-und-windlicht\\\/#breadcrumb\",\"itemListElement\":[{\"@type\":\"ListItem\",\"position\":1,\"name\":\"Startseite\",\"item\":\"https:\\\/\\\/diyzwerginmirjana.de\\\/\"},{\"@type\":\"ListItem\",\"position\":2,\"name\":\"Shop\",\"item\":\"https:\\\/\\\/diyzwerginmirjana.de\\\/index.php\\\/shop\\\/\"},{\"@type\":\"ListItem\",\"position\":3,\"name\":\"Hochzeitsgeschenkeset &#8211; Untersetzer und Windlicht\"}]},{\"@type\":\"WebSite\",\"@id\":\"https:\\\/\\\/diyzwerginmirjana.de\\\/#website\",\"url\":\"https:\\\/\\\/diyzwerginmirjana.de\\\/\",\"name\":\"diyzwerginmirjana\",\"description\":\"individuelle Geschenke mit liebe zum Detail\",\"publisher\":{\"@id\":\"https:\\\/\\\/diyzwerginmirjana.de\\\/#organization\"},\"potentialAction\":[{\"@type\":\"SearchAction\",\"target\":{\"@type\":\"EntryPoint\",\"urlTemplate\":\"https:\\\/\\\/diyzwerginmirjana.de\\\/?s={search_term_string}\"},\"query-input\":{\"@type\":\"PropertyValueSpecification\",\"valueRequired\":true,\"valueName\":\"search_term_string\"}}],\"inLanguage\":\"de\"},{\"@type\":\"Organization\",\"@id\":\"https:\\\/\\\/diyzwerginmirjana.de\\\/#organization\",\"name\":\"diyzwerginmirjana\",\"url\":\"https:\\\/\\\/diyzwerginmirjana.de\\\/\",\"logo\":{\"@type\":\"ImageObject\",\"inLanguage\":\"de\",\"@id\":\"https:\\\/\\\/diyzwerginmirjana.de\\\/#\\\/schema\\\/logo\\\/image\\\/\",\"url\":\"https:\\\/\\\/diyzwerginmirjana.de\\\/wp-content\\\/uploads\\\/2023\\\/10\\\/cropped-Logo3.jpeg\",\"contentUrl\":\"https:\\\/\\\/diyzwerginmirjana.de\\\/wp-content\\\/uploads\\\/2023\\\/10\\\/cropped-Logo3.jpeg\",\"width\":1467,\"height\":260,\"caption\":\"diyzwerginmirjana\"},\"image\":{\"@id\":\"https:\\\/\\\/diyzwerginmirjana.de\\\/#\\\/schema\\\/logo\\\/image\\\/\"},\"sameAs\":[\"https:\\\/\\\/www.facebook.com\\\/profile.php?id=100078929584222\",\"https:\\\/\\\/instagram.com\\\/diyzwerginmirjana?igshid=MzMyNGUyNmU2YQ&utm_source=qr\"]}]}<\/script>\n<!-- \/ Yoast SEO plugin. -->","yoast_head_json":{"title":"Hochzeitsgeschenkeset - Untersetzer und Windlicht - diyzwerginmirjana","robots":{"index":"index","follow":"follow","max-snippet":"max-snippet:-1","max-image-preview":"max-image-preview:large","max-video-preview":"max-video-preview:-1"},"canonical":"https:\/\/diyzwerginmirjana.de\/index.php\/produkt\/hochzeitsgeschenkeset-untersetzer-und-windlicht\/","og_locale":"de_DE","og_type":"article","og_title":"Hochzeitsgeschenkeset - Untersetzer und Windlicht - diyzwerginmirjana","og_description":"Zur Hochzeit gibt es ganz besondere Geschenke. Setzen Sie leicht besondere Akzente und schaffen Sie ein gem\u00fctliches Wohlbefinden bei sich zuhause. Das Glas hat eine H\u00f6he von 18cm und sch\u00fctzt ihr Kerzenlicht ideal vor Wind. F\u00fcr Indoor und Outdoor geeignet. Zudem noch Sechs wundersch\u00f6ne und wiederverwendbare Filzuntersetzer\u00a0 f\u00fcr Laue Sommern\u00e4chte oder f\u00fcr eine warme Pause [&hellip;]","og_url":"https:\/\/diyzwerginmirjana.de\/index.php\/produkt\/hochzeitsgeschenkeset-untersetzer-und-windlicht\/","og_site_name":"diyzwerginmirjana","article_publisher":"https:\/\/www.facebook.com\/profile.php?id=100078929584222","article_modified_time":"2026-02-18T14:32:53+00:00","og_image":[{"width":2560,"height":1926,"url":"https:\/\/diyzwerginmirjana.de\/wp-content\/uploads\/2024\/06\/IMGP5702-scaled.jpg","type":"image\/jpeg"}],"twitter_card":"summary_large_image","twitter_misc":{"Gesch\u00e4tzte Lesezeit":"2\u00a0Minuten"},"schema":{"@context":"https:\/\/schema.org","@graph":[{"@type":"WebPage","@id":"https:\/\/diyzwerginmirjana.de\/index.php\/produkt\/hochzeitsgeschenkeset-untersetzer-und-windlicht\/","url":"https:\/\/diyzwerginmirjana.de\/index.php\/produkt\/hochzeitsgeschenkeset-untersetzer-und-windlicht\/","name":"Hochzeitsgeschenkeset - Untersetzer und Windlicht - diyzwerginmirjana","isPartOf":{"@id":"https:\/\/diyzwerginmirjana.de\/#website"},"primaryImageOfPage":{"@id":"https:\/\/diyzwerginmirjana.de\/index.php\/produkt\/hochzeitsgeschenkeset-untersetzer-und-windlicht\/#primaryimage"},"image":{"@id":"https:\/\/diyzwerginmirjana.de\/index.php\/produkt\/hochzeitsgeschenkeset-untersetzer-und-windlicht\/#primaryimage"},"thumbnailUrl":"https:\/\/diyzwerginmirjana.de\/wp-content\/uploads\/2024\/06\/IMGP5702-scaled.jpg","datePublished":"2024-06-01T06:38:20+00:00","dateModified":"2026-02-18T14:32:53+00:00","breadcrumb":{"@id":"https:\/\/diyzwerginmirjana.de\/index.php\/produkt\/hochzeitsgeschenkeset-untersetzer-und-windlicht\/#breadcrumb"},"inLanguage":"de","potentialAction":[{"@type":"ReadAction","target":["https:\/\/diyzwerginmirjana.de\/index.php\/produkt\/hochzeitsgeschenkeset-untersetzer-und-windlicht\/"]}]},{"@type":"ImageObject","inLanguage":"de","@id":"https:\/\/diyzwerginmirjana.de\/index.php\/produkt\/hochzeitsgeschenkeset-untersetzer-und-windlicht\/#primaryimage","url":"https:\/\/diyzwerginmirjana.de\/wp-content\/uploads\/2024\/06\/IMGP5702-scaled.jpg","contentUrl":"https:\/\/diyzwerginmirjana.de\/wp-content\/uploads\/2024\/06\/IMGP5702-scaled.jpg","width":2560,"height":1926},{"@type":"BreadcrumbList","@id":"https:\/\/diyzwerginmirjana.de\/index.php\/produkt\/hochzeitsgeschenkeset-untersetzer-und-windlicht\/#breadcrumb","itemListElement":[{"@type":"ListItem","position":1,"name":"Startseite","item":"https:\/\/diyzwerginmirjana.de\/"},{"@type":"ListItem","position":2,"name":"Shop","item":"https:\/\/diyzwerginmirjana.de\/index.php\/shop\/"},{"@type":"ListItem","position":3,"name":"Hochzeitsgeschenkeset &#8211; Untersetzer und Windlicht"}]},{"@type":"WebSite","@id":"https:\/\/diyzwerginmirjana.de\/#website","url":"https:\/\/diyzwerginmirjana.de\/","name":"diyzwerginmirjana","description":"individuelle Geschenke mit liebe zum Detail","publisher":{"@id":"https:\/\/diyzwerginmirjana.de\/#organization"},"potentialAction":[{"@type":"SearchAction","target":{"@type":"EntryPoint","urlTemplate":"https:\/\/diyzwerginmirjana.de\/?s={search_term_string}"},"query-input":{"@type":"PropertyValueSpecification","valueRequired":true,"valueName":"search_term_string"}}],"inLanguage":"de"},{"@type":"Organization","@id":"https:\/\/diyzwerginmirjana.de\/#organization","name":"diyzwerginmirjana","url":"https:\/\/diyzwerginmirjana.de\/","logo":{"@type":"ImageObject","inLanguage":"de","@id":"https:\/\/diyzwerginmirjana.de\/#\/schema\/logo\/image\/","url":"https:\/\/diyzwerginmirjana.de\/wp-content\/uploads\/2023\/10\/cropped-Logo3.jpeg","contentUrl":"https:\/\/diyzwerginmirjana.de\/wp-content\/uploads\/2023\/10\/cropped-Logo3.jpeg","width":1467,"height":260,"caption":"diyzwerginmirjana"},"image":{"@id":"https:\/\/diyzwerginmirjana.de\/#\/schema\/logo\/image\/"},"sameAs":["https:\/\/www.facebook.com\/profile.php?id=100078929584222","https:\/\/instagram.com\/diyzwerginmirjana?igshid=MzMyNGUyNmU2YQ&utm_source=qr"]}]}},"_links":{"self":[{"href":"https:\/\/diyzwerginmirjana.de\/index.php\/wp-json\/wp\/v2\/product\/637","targetHints":{"allow":["GET"]}}],"collection":[{"href":"https:\/\/diyzwerginmirjana.de\/index.php\/wp-json\/wp\/v2\/product"}],"about":[{"href":"https:\/\/diyzwerginmirjana.de\/index.php\/wp-json\/wp\/v2\/types\/product"}],"replies":[{"embeddable":true,"href":"https:\/\/diyzwerginmirjana.de\/index.php\/wp-json\/wp\/v2\/comments?post=637"}],"wp:featuredmedia":[{"embeddable":true,"href":"https:\/\/diyzwerginmirjana.de\/index.php\/wp-json\/wp\/v2\/media\/642"}],"wp:attachment":[{"href":"https:\/\/diyzwerginmirjana.de\/index.php\/wp-json\/wp\/v2\/media?parent=637"}],"wp:term":[{"taxonomy":"product_brand","embeddable":true,"href":"https:\/\/diyzwerginmirjana.de\/index.php\/wp-json\/wp\/v2\/product_brand?post=637"},{"taxonomy":"product_cat","embeddable":true,"href":"https:\/\/diyzwerginmirjana.de\/index.php\/wp-json\/wp\/v2\/product_cat?post=637"},{"taxonomy":"product_tag","embeddable":true,"href":"https:\/\/diyzwerginmirjana.de\/index.php\/wp-json\/wp\/v2\/product_tag?post=637"}],"curies":[{"name":"wp","href":"https:\/\/api.w.org\/{rel}","templated":true}]}}