{"id":672,"date":"2024-06-01T14:54:11","date_gmt":"2024-06-01T12:54:11","guid":{"rendered":"https:\/\/diyzwerginmirjana.de\/?post_type=product&#038;p=672"},"modified":"2026-02-18T15:39:25","modified_gmt":"2026-02-18T14:39:25","slug":"strandtasche","status":"publish","type":"product","link":"https:\/\/diyzwerginmirjana.de\/index.php\/produkt\/strandtasche\/","title":{"rendered":"Strandtasche"},"content":{"rendered":"<p>Eine extra gro\u00dfe und praktische Strandtasche \/ Shopper, die auch mit individuellem Wunschtext erh\u00e4ltlich ist. Diese Tasche ist \u00e4u\u00dferst funktional, da ihre gro\u00dfz\u00fcgige Gr\u00f6\u00dfe es erm\u00f6glicht, alles in einer einzigen Tasche zu verstauen. Sie bietet ausreichend Platz f\u00fcr mehrere Handt\u00fccher, Verpflegung und vieles mehr.<\/p>\n<p>Mit den Ma\u00dfen 38 x 44 x 18 cm bietet sie viel Stauraum. Hergestellt aus hochwertiger Baumwolle und Jute, vereint die Tasche Langlebigkeit und Stil.<\/p>\n<p>Bitte schreiben Sie Ihre W\u00fcnsche in das dazugeh\u00f6rige Feld. Bei Fragen schreiben sie mir gerne eine Nachricht.<\/p>\n","protected":false},"excerpt":{"rendered":"<p>Eine extra gro\u00dfe und praktische Strandtasche \/ Shopper, die auch mit individuellem Wunschtext erh\u00e4ltlich ist. Diese Tasche ist \u00e4u\u00dferst funktional, da ihre gro\u00dfz\u00fcgige Gr\u00f6\u00dfe es erm\u00f6glicht, alles in einer einzigen Tasche zu verstauen. Sie bietet ausreichend Platz f\u00fcr mehrere Handt\u00fccher, Verpflegung und vieles mehr. Mit den Ma\u00dfen 38 x 44 x 18 cm bietet sie [&hellip;]<\/p>\n","protected":false},"featured_media":631,"comment_status":"open","ping_status":"closed","template":"","meta":[],"product_brand":[],"product_cat":[121,36,128,122],"product_tag":[130,123,93,129,103],"class_list":{"0":"post-672","1":"product","2":"type-product","3":"status-publish","4":"has-post-thumbnail","6":"product_cat-camping","7":"product_cat-front-page-produkte","8":"product_cat-sommer","9":"product_cat-taschen","10":"product_tag-beach","11":"product_tag-camping","12":"product_tag-geschenk","13":"product_tag-strand","14":"product_tag-tasche","16":"first","17":"instock","18":"shipping-taxable","19":"purchasable","20":"product-type-simple"},"yoast_head":"<!-- This site is optimized with the Yoast SEO plugin v27.3 - https:\/\/yoast.com\/product\/yoast-seo-wordpress\/ -->\n<title>Strandtasche - diyzwerginmirjana<\/title>\n<meta name=\"robots\" content=\"index, follow, max-snippet:-1, max-image-preview:large, max-video-preview:-1\" \/>\n<link rel=\"canonical\" href=\"https:\/\/diyzwerginmirjana.de\/index.php\/produkt\/strandtasche\/\" \/>\n<meta property=\"og:locale\" content=\"de_DE\" \/>\n<meta property=\"og:type\" content=\"article\" \/>\n<meta property=\"og:title\" content=\"Strandtasche - diyzwerginmirjana\" \/>\n<meta property=\"og:description\" content=\"Eine extra gro\u00dfe und praktische Strandtasche \/ Shopper, die auch mit individuellem Wunschtext erh\u00e4ltlich ist. Diese Tasche ist \u00e4u\u00dferst funktional, da ihre gro\u00dfz\u00fcgige Gr\u00f6\u00dfe es erm\u00f6glicht, alles in einer einzigen Tasche zu verstauen. Sie bietet ausreichend Platz f\u00fcr mehrere Handt\u00fccher, Verpflegung und vieles mehr. Mit den Ma\u00dfen 38 x 44 x 18 cm bietet sie [&hellip;]\" \/>\n<meta property=\"og:url\" content=\"https:\/\/diyzwerginmirjana.de\/index.php\/produkt\/strandtasche\/\" \/>\n<meta property=\"og:site_name\" content=\"diyzwerginmirjana\" \/>\n<meta property=\"article:publisher\" content=\"https:\/\/www.facebook.com\/profile.php?id=100078929584222\" \/>\n<meta property=\"article:modified_time\" content=\"2026-02-18T14:39:25+00:00\" \/>\n<meta property=\"og:image\" content=\"https:\/\/diyzwerginmirjana.de\/wp-content\/uploads\/2024\/05\/IMGP5741-scaled.jpg\" \/>\n\t<meta property=\"og:image:width\" content=\"2560\" \/>\n\t<meta property=\"og:image:height\" content=\"1729\" \/>\n\t<meta property=\"og:image:type\" content=\"image\/jpeg\" \/>\n<meta name=\"twitter:card\" content=\"summary_large_image\" \/>\n<meta name=\"twitter:label1\" content=\"Gesch\u00e4tzte Lesezeit\" \/>\n\t<meta name=\"twitter:data1\" content=\"1\u00a0Minute\" \/>\n<script type=\"application\/ld+json\" class=\"yoast-schema-graph\">{\"@context\":\"https:\\\/\\\/schema.org\",\"@graph\":[{\"@type\":\"WebPage\",\"@id\":\"https:\\\/\\\/diyzwerginmirjana.de\\\/index.php\\\/produkt\\\/strandtasche\\\/\",\"url\":\"https:\\\/\\\/diyzwerginmirjana.de\\\/index.php\\\/produkt\\\/strandtasche\\\/\",\"name\":\"Strandtasche - diyzwerginmirjana\",\"isPartOf\":{\"@id\":\"https:\\\/\\\/diyzwerginmirjana.de\\\/#website\"},\"primaryImageOfPage\":{\"@id\":\"https:\\\/\\\/diyzwerginmirjana.de\\\/index.php\\\/produkt\\\/strandtasche\\\/#primaryimage\"},\"image\":{\"@id\":\"https:\\\/\\\/diyzwerginmirjana.de\\\/index.php\\\/produkt\\\/strandtasche\\\/#primaryimage\"},\"thumbnailUrl\":\"https:\\\/\\\/diyzwerginmirjana.de\\\/wp-content\\\/uploads\\\/2024\\\/05\\\/IMGP5741-scaled.jpg\",\"datePublished\":\"2024-06-01T12:54:11+00:00\",\"dateModified\":\"2026-02-18T14:39:25+00:00\",\"breadcrumb\":{\"@id\":\"https:\\\/\\\/diyzwerginmirjana.de\\\/index.php\\\/produkt\\\/strandtasche\\\/#breadcrumb\"},\"inLanguage\":\"de\",\"potentialAction\":[{\"@type\":\"ReadAction\",\"target\":[\"https:\\\/\\\/diyzwerginmirjana.de\\\/index.php\\\/produkt\\\/strandtasche\\\/\"]}]},{\"@type\":\"ImageObject\",\"inLanguage\":\"de\",\"@id\":\"https:\\\/\\\/diyzwerginmirjana.de\\\/index.php\\\/produkt\\\/strandtasche\\\/#primaryimage\",\"url\":\"https:\\\/\\\/diyzwerginmirjana.de\\\/wp-content\\\/uploads\\\/2024\\\/05\\\/IMGP5741-scaled.jpg\",\"contentUrl\":\"https:\\\/\\\/diyzwerginmirjana.de\\\/wp-content\\\/uploads\\\/2024\\\/05\\\/IMGP5741-scaled.jpg\",\"width\":2560,\"height\":1729},{\"@type\":\"BreadcrumbList\",\"@id\":\"https:\\\/\\\/diyzwerginmirjana.de\\\/index.php\\\/produkt\\\/strandtasche\\\/#breadcrumb\",\"itemListElement\":[{\"@type\":\"ListItem\",\"position\":1,\"name\":\"Startseite\",\"item\":\"https:\\\/\\\/diyzwerginmirjana.de\\\/\"},{\"@type\":\"ListItem\",\"position\":2,\"name\":\"Shop\",\"item\":\"https:\\\/\\\/diyzwerginmirjana.de\\\/index.php\\\/shop\\\/\"},{\"@type\":\"ListItem\",\"position\":3,\"name\":\"Strandtasche\"}]},{\"@type\":\"WebSite\",\"@id\":\"https:\\\/\\\/diyzwerginmirjana.de\\\/#website\",\"url\":\"https:\\\/\\\/diyzwerginmirjana.de\\\/\",\"name\":\"diyzwerginmirjana\",\"description\":\"individuelle Geschenke mit liebe zum Detail\",\"publisher\":{\"@id\":\"https:\\\/\\\/diyzwerginmirjana.de\\\/#organization\"},\"potentialAction\":[{\"@type\":\"SearchAction\",\"target\":{\"@type\":\"EntryPoint\",\"urlTemplate\":\"https:\\\/\\\/diyzwerginmirjana.de\\\/?s={search_term_string}\"},\"query-input\":{\"@type\":\"PropertyValueSpecification\",\"valueRequired\":true,\"valueName\":\"search_term_string\"}}],\"inLanguage\":\"de\"},{\"@type\":\"Organization\",\"@id\":\"https:\\\/\\\/diyzwerginmirjana.de\\\/#organization\",\"name\":\"diyzwerginmirjana\",\"url\":\"https:\\\/\\\/diyzwerginmirjana.de\\\/\",\"logo\":{\"@type\":\"ImageObject\",\"inLanguage\":\"de\",\"@id\":\"https:\\\/\\\/diyzwerginmirjana.de\\\/#\\\/schema\\\/logo\\\/image\\\/\",\"url\":\"https:\\\/\\\/diyzwerginmirjana.de\\\/wp-content\\\/uploads\\\/2023\\\/10\\\/cropped-Logo3.jpeg\",\"contentUrl\":\"https:\\\/\\\/diyzwerginmirjana.de\\\/wp-content\\\/uploads\\\/2023\\\/10\\\/cropped-Logo3.jpeg\",\"width\":1467,\"height\":260,\"caption\":\"diyzwerginmirjana\"},\"image\":{\"@id\":\"https:\\\/\\\/diyzwerginmirjana.de\\\/#\\\/schema\\\/logo\\\/image\\\/\"},\"sameAs\":[\"https:\\\/\\\/www.facebook.com\\\/profile.php?id=100078929584222\",\"https:\\\/\\\/instagram.com\\\/diyzwerginmirjana?igshid=MzMyNGUyNmU2YQ&utm_source=qr\"]}]}<\/script>\n<!-- \/ Yoast SEO plugin. -->","yoast_head_json":{"title":"Strandtasche - diyzwerginmirjana","robots":{"index":"index","follow":"follow","max-snippet":"max-snippet:-1","max-image-preview":"max-image-preview:large","max-video-preview":"max-video-preview:-1"},"canonical":"https:\/\/diyzwerginmirjana.de\/index.php\/produkt\/strandtasche\/","og_locale":"de_DE","og_type":"article","og_title":"Strandtasche - diyzwerginmirjana","og_description":"Eine extra gro\u00dfe und praktische Strandtasche \/ Shopper, die auch mit individuellem Wunschtext erh\u00e4ltlich ist. Diese Tasche ist \u00e4u\u00dferst funktional, da ihre gro\u00dfz\u00fcgige Gr\u00f6\u00dfe es erm\u00f6glicht, alles in einer einzigen Tasche zu verstauen. Sie bietet ausreichend Platz f\u00fcr mehrere Handt\u00fccher, Verpflegung und vieles mehr. Mit den Ma\u00dfen 38 x 44 x 18 cm bietet sie [&hellip;]","og_url":"https:\/\/diyzwerginmirjana.de\/index.php\/produkt\/strandtasche\/","og_site_name":"diyzwerginmirjana","article_publisher":"https:\/\/www.facebook.com\/profile.php?id=100078929584222","article_modified_time":"2026-02-18T14:39:25+00:00","og_image":[{"width":2560,"height":1729,"url":"https:\/\/diyzwerginmirjana.de\/wp-content\/uploads\/2024\/05\/IMGP5741-scaled.jpg","type":"image\/jpeg"}],"twitter_card":"summary_large_image","twitter_misc":{"Gesch\u00e4tzte Lesezeit":"1\u00a0Minute"},"schema":{"@context":"https:\/\/schema.org","@graph":[{"@type":"WebPage","@id":"https:\/\/diyzwerginmirjana.de\/index.php\/produkt\/strandtasche\/","url":"https:\/\/diyzwerginmirjana.de\/index.php\/produkt\/strandtasche\/","name":"Strandtasche - diyzwerginmirjana","isPartOf":{"@id":"https:\/\/diyzwerginmirjana.de\/#website"},"primaryImageOfPage":{"@id":"https:\/\/diyzwerginmirjana.de\/index.php\/produkt\/strandtasche\/#primaryimage"},"image":{"@id":"https:\/\/diyzwerginmirjana.de\/index.php\/produkt\/strandtasche\/#primaryimage"},"thumbnailUrl":"https:\/\/diyzwerginmirjana.de\/wp-content\/uploads\/2024\/05\/IMGP5741-scaled.jpg","datePublished":"2024-06-01T12:54:11+00:00","dateModified":"2026-02-18T14:39:25+00:00","breadcrumb":{"@id":"https:\/\/diyzwerginmirjana.de\/index.php\/produkt\/strandtasche\/#breadcrumb"},"inLanguage":"de","potentialAction":[{"@type":"ReadAction","target":["https:\/\/diyzwerginmirjana.de\/index.php\/produkt\/strandtasche\/"]}]},{"@type":"ImageObject","inLanguage":"de","@id":"https:\/\/diyzwerginmirjana.de\/index.php\/produkt\/strandtasche\/#primaryimage","url":"https:\/\/diyzwerginmirjana.de\/wp-content\/uploads\/2024\/05\/IMGP5741-scaled.jpg","contentUrl":"https:\/\/diyzwerginmirjana.de\/wp-content\/uploads\/2024\/05\/IMGP5741-scaled.jpg","width":2560,"height":1729},{"@type":"BreadcrumbList","@id":"https:\/\/diyzwerginmirjana.de\/index.php\/produkt\/strandtasche\/#breadcrumb","itemListElement":[{"@type":"ListItem","position":1,"name":"Startseite","item":"https:\/\/diyzwerginmirjana.de\/"},{"@type":"ListItem","position":2,"name":"Shop","item":"https:\/\/diyzwerginmirjana.de\/index.php\/shop\/"},{"@type":"ListItem","position":3,"name":"Strandtasche"}]},{"@type":"WebSite","@id":"https:\/\/diyzwerginmirjana.de\/#website","url":"https:\/\/diyzwerginmirjana.de\/","name":"diyzwerginmirjana","description":"individuelle Geschenke mit liebe zum Detail","publisher":{"@id":"https:\/\/diyzwerginmirjana.de\/#organization"},"potentialAction":[{"@type":"SearchAction","target":{"@type":"EntryPoint","urlTemplate":"https:\/\/diyzwerginmirjana.de\/?s={search_term_string}"},"query-input":{"@type":"PropertyValueSpecification","valueRequired":true,"valueName":"search_term_string"}}],"inLanguage":"de"},{"@type":"Organization","@id":"https:\/\/diyzwerginmirjana.de\/#organization","name":"diyzwerginmirjana","url":"https:\/\/diyzwerginmirjana.de\/","logo":{"@type":"ImageObject","inLanguage":"de","@id":"https:\/\/diyzwerginmirjana.de\/#\/schema\/logo\/image\/","url":"https:\/\/diyzwerginmirjana.de\/wp-content\/uploads\/2023\/10\/cropped-Logo3.jpeg","contentUrl":"https:\/\/diyzwerginmirjana.de\/wp-content\/uploads\/2023\/10\/cropped-Logo3.jpeg","width":1467,"height":260,"caption":"diyzwerginmirjana"},"image":{"@id":"https:\/\/diyzwerginmirjana.de\/#\/schema\/logo\/image\/"},"sameAs":["https:\/\/www.facebook.com\/profile.php?id=100078929584222","https:\/\/instagram.com\/diyzwerginmirjana?igshid=MzMyNGUyNmU2YQ&utm_source=qr"]}]}},"_links":{"self":[{"href":"https:\/\/diyzwerginmirjana.de\/index.php\/wp-json\/wp\/v2\/product\/672","targetHints":{"allow":["GET"]}}],"collection":[{"href":"https:\/\/diyzwerginmirjana.de\/index.php\/wp-json\/wp\/v2\/product"}],"about":[{"href":"https:\/\/diyzwerginmirjana.de\/index.php\/wp-json\/wp\/v2\/types\/product"}],"replies":[{"embeddable":true,"href":"https:\/\/diyzwerginmirjana.de\/index.php\/wp-json\/wp\/v2\/comments?post=672"}],"wp:featuredmedia":[{"embeddable":true,"href":"https:\/\/diyzwerginmirjana.de\/index.php\/wp-json\/wp\/v2\/media\/631"}],"wp:attachment":[{"href":"https:\/\/diyzwerginmirjana.de\/index.php\/wp-json\/wp\/v2\/media?parent=672"}],"wp:term":[{"taxonomy":"product_brand","embeddable":true,"href":"https:\/\/diyzwerginmirjana.de\/index.php\/wp-json\/wp\/v2\/product_brand?post=672"},{"taxonomy":"product_cat","embeddable":true,"href":"https:\/\/diyzwerginmirjana.de\/index.php\/wp-json\/wp\/v2\/product_cat?post=672"},{"taxonomy":"product_tag","embeddable":true,"href":"https:\/\/diyzwerginmirjana.de\/index.php\/wp-json\/wp\/v2\/product_tag?post=672"}],"curies":[{"name":"wp","href":"https:\/\/api.w.org\/{rel}","templated":true}]}}