{"id":692,"date":"2024-06-01T16:54:45","date_gmt":"2024-06-01T14:54:45","guid":{"rendered":"https:\/\/diyzwerginmirjana.de\/?post_type=product&#038;p=692"},"modified":"2025-05-29T19:30:18","modified_gmt":"2025-05-29T17:30:18","slug":"camping-set","status":"publish","type":"product","link":"https:\/\/diyzwerginmirjana.de\/index.php\/produkt\/camping-set\/","title":{"rendered":"Camping Set"},"content":{"rendered":"<p>Ein Camping Set zum verschenken oder sich selbst gl\u00fccklich zu machen.<\/p>\n<p>&nbsp;<\/p>\n<p>Im Set enthalten, sind 6 Filzuntersetzer (3x Motiv, 3x I\u2665camping\/I\u2665boating), Jutetasche und ein Miniwindlicht.<\/p>\n<p>Die Untersetzer haben einen Durchmesser von \u00d8 10 cm. Das Windlicht hat eine H\u00f6he von 10cm und sch\u00fctzt ihr Kerzenlicht ideal vor Wind. Der Beutel ist aus hochwertigem Jutestoff gefertigt und eine Ma\u00dfe von 42\u00d738 cm, bedruckt mit &#8222;I love Camping \/ I love boating&#8220;. Das \u201clove\u201d ist mit dem passenden Motiv dargestellt, egal ob Wohnwagen, Wohnmobil, Zelt, Campervan, Segelboot oder Motorboot.<\/p>\n<p>ACHTUNG: Die Lieferung erfolgt ohne Deko<\/p>\n<p>!!! Jedes unserer Produkte ist ein handgemachtes Unikat. Kleine Luftbl\u00e4schen sowie formbedingt kleine Unebenheiten und leichte Schlieren k\u00f6nnen vorkommen und machen den Handmade-Look aus!<\/p>\n","protected":false},"excerpt":{"rendered":"<p>Ein Camping Set zum verschenken oder sich selbst gl\u00fccklich zu machen. &nbsp; Im Set enthalten, sind 6 Filzuntersetzer (3x Motiv, 3x I\u2665camping\/I\u2665boating), Jutetasche und ein Miniwindlicht. Die Untersetzer haben einen Durchmesser von \u00d8 10 cm. Das Windlicht hat eine H\u00f6he von 10cm und sch\u00fctzt ihr Kerzenlicht ideal vor Wind. Der Beutel ist aus hochwertigem Jutestoff [&hellip;]<\/p>\n","protected":false},"featured_media":668,"comment_status":"open","ping_status":"closed","template":"","meta":[],"product_brand":[],"product_cat":[35,121,74,36,128,122,71,73,72],"product_tag":[],"class_list":{"0":"post-692","1":"product","2":"type-product","3":"status-publish","4":"has-post-thumbnail","6":"product_cat-beliebte-produkte","7":"product_cat-camping","8":"product_cat-dekoration","9":"product_cat-front-page-produkte","10":"product_cat-sommer","11":"product_cat-taschen","12":"product_cat-tischdekoration","13":"product_cat-untersetzer","14":"product_cat-windlicht","16":"first","17":"instock","18":"shipping-taxable","19":"purchasable","20":"product-type-simple"},"yoast_head":"<!-- This site is optimized with the Yoast SEO plugin v27.5 - https:\/\/yoast.com\/product\/yoast-seo-wordpress\/ -->\n<title>Camping Set - diyzwerginmirjana<\/title>\n<meta name=\"robots\" content=\"index, follow, max-snippet:-1, max-image-preview:large, max-video-preview:-1\" \/>\n<link rel=\"canonical\" href=\"https:\/\/diyzwerginmirjana.de\/index.php\/produkt\/camping-set\/\" \/>\n<meta property=\"og:locale\" content=\"de_DE\" \/>\n<meta property=\"og:type\" content=\"article\" \/>\n<meta property=\"og:title\" content=\"Camping Set - diyzwerginmirjana\" \/>\n<meta property=\"og:description\" content=\"Ein Camping Set zum verschenken oder sich selbst gl\u00fccklich zu machen. &nbsp; Im Set enthalten, sind 6 Filzuntersetzer (3x Motiv, 3x I\u2665camping\/I\u2665boating), Jutetasche und ein Miniwindlicht. Die Untersetzer haben einen Durchmesser von \u00d8 10 cm. Das Windlicht hat eine H\u00f6he von 10cm und sch\u00fctzt ihr Kerzenlicht ideal vor Wind. Der Beutel ist aus hochwertigem Jutestoff [&hellip;]\" \/>\n<meta property=\"og:url\" content=\"https:\/\/diyzwerginmirjana.de\/index.php\/produkt\/camping-set\/\" \/>\n<meta property=\"og:site_name\" content=\"diyzwerginmirjana\" \/>\n<meta property=\"article:publisher\" content=\"https:\/\/www.facebook.com\/profile.php?id=100078929584222\" \/>\n<meta property=\"article:modified_time\" content=\"2025-05-29T17:30:18+00:00\" \/>\n<meta property=\"og:image\" content=\"https:\/\/diyzwerginmirjana.de\/wp-content\/uploads\/2024\/06\/IMGP5740-1-scaled.jpg\" \/>\n\t<meta property=\"og:image:width\" content=\"2560\" \/>\n\t<meta property=\"og:image:height\" content=\"1707\" \/>\n\t<meta property=\"og:image:type\" content=\"image\/jpeg\" \/>\n<meta name=\"twitter:card\" content=\"summary_large_image\" \/>\n<meta name=\"twitter:label1\" content=\"Gesch\u00e4tzte Lesezeit\" \/>\n\t<meta name=\"twitter:data1\" content=\"1\u00a0Minute\" \/>\n<script type=\"application\/ld+json\" class=\"yoast-schema-graph\">{\"@context\":\"https:\\\/\\\/schema.org\",\"@graph\":[{\"@type\":\"WebPage\",\"@id\":\"https:\\\/\\\/diyzwerginmirjana.de\\\/index.php\\\/produkt\\\/camping-set\\\/\",\"url\":\"https:\\\/\\\/diyzwerginmirjana.de\\\/index.php\\\/produkt\\\/camping-set\\\/\",\"name\":\"Camping Set - diyzwerginmirjana\",\"isPartOf\":{\"@id\":\"https:\\\/\\\/diyzwerginmirjana.de\\\/#website\"},\"primaryImageOfPage\":{\"@id\":\"https:\\\/\\\/diyzwerginmirjana.de\\\/index.php\\\/produkt\\\/camping-set\\\/#primaryimage\"},\"image\":{\"@id\":\"https:\\\/\\\/diyzwerginmirjana.de\\\/index.php\\\/produkt\\\/camping-set\\\/#primaryimage\"},\"thumbnailUrl\":\"https:\\\/\\\/diyzwerginmirjana.de\\\/wp-content\\\/uploads\\\/2024\\\/06\\\/IMGP5740-1-scaled.jpg\",\"datePublished\":\"2024-06-01T14:54:45+00:00\",\"dateModified\":\"2025-05-29T17:30:18+00:00\",\"breadcrumb\":{\"@id\":\"https:\\\/\\\/diyzwerginmirjana.de\\\/index.php\\\/produkt\\\/camping-set\\\/#breadcrumb\"},\"inLanguage\":\"de\",\"potentialAction\":[{\"@type\":\"ReadAction\",\"target\":[\"https:\\\/\\\/diyzwerginmirjana.de\\\/index.php\\\/produkt\\\/camping-set\\\/\"]}]},{\"@type\":\"ImageObject\",\"inLanguage\":\"de\",\"@id\":\"https:\\\/\\\/diyzwerginmirjana.de\\\/index.php\\\/produkt\\\/camping-set\\\/#primaryimage\",\"url\":\"https:\\\/\\\/diyzwerginmirjana.de\\\/wp-content\\\/uploads\\\/2024\\\/06\\\/IMGP5740-1-scaled.jpg\",\"contentUrl\":\"https:\\\/\\\/diyzwerginmirjana.de\\\/wp-content\\\/uploads\\\/2024\\\/06\\\/IMGP5740-1-scaled.jpg\",\"width\":2560,\"height\":1707},{\"@type\":\"BreadcrumbList\",\"@id\":\"https:\\\/\\\/diyzwerginmirjana.de\\\/index.php\\\/produkt\\\/camping-set\\\/#breadcrumb\",\"itemListElement\":[{\"@type\":\"ListItem\",\"position\":1,\"name\":\"Startseite\",\"item\":\"https:\\\/\\\/diyzwerginmirjana.de\\\/\"},{\"@type\":\"ListItem\",\"position\":2,\"name\":\"Shop\",\"item\":\"https:\\\/\\\/diyzwerginmirjana.de\\\/index.php\\\/shop\\\/\"},{\"@type\":\"ListItem\",\"position\":3,\"name\":\"Camping Set\"}]},{\"@type\":\"WebSite\",\"@id\":\"https:\\\/\\\/diyzwerginmirjana.de\\\/#website\",\"url\":\"https:\\\/\\\/diyzwerginmirjana.de\\\/\",\"name\":\"diyzwerginmirjana\",\"description\":\"individuelle Geschenke mit liebe zum Detail\",\"publisher\":{\"@id\":\"https:\\\/\\\/diyzwerginmirjana.de\\\/#organization\"},\"potentialAction\":[{\"@type\":\"SearchAction\",\"target\":{\"@type\":\"EntryPoint\",\"urlTemplate\":\"https:\\\/\\\/diyzwerginmirjana.de\\\/?s={search_term_string}\"},\"query-input\":{\"@type\":\"PropertyValueSpecification\",\"valueRequired\":true,\"valueName\":\"search_term_string\"}}],\"inLanguage\":\"de\"},{\"@type\":\"Organization\",\"@id\":\"https:\\\/\\\/diyzwerginmirjana.de\\\/#organization\",\"name\":\"diyzwerginmirjana\",\"url\":\"https:\\\/\\\/diyzwerginmirjana.de\\\/\",\"logo\":{\"@type\":\"ImageObject\",\"inLanguage\":\"de\",\"@id\":\"https:\\\/\\\/diyzwerginmirjana.de\\\/#\\\/schema\\\/logo\\\/image\\\/\",\"url\":\"https:\\\/\\\/diyzwerginmirjana.de\\\/wp-content\\\/uploads\\\/2023\\\/10\\\/cropped-Logo3.jpeg\",\"contentUrl\":\"https:\\\/\\\/diyzwerginmirjana.de\\\/wp-content\\\/uploads\\\/2023\\\/10\\\/cropped-Logo3.jpeg\",\"width\":1467,\"height\":260,\"caption\":\"diyzwerginmirjana\"},\"image\":{\"@id\":\"https:\\\/\\\/diyzwerginmirjana.de\\\/#\\\/schema\\\/logo\\\/image\\\/\"},\"sameAs\":[\"https:\\\/\\\/www.facebook.com\\\/profile.php?id=100078929584222\",\"https:\\\/\\\/instagram.com\\\/diyzwerginmirjana?igshid=MzMyNGUyNmU2YQ&utm_source=qr\"]}]}<\/script>\n<!-- \/ Yoast SEO plugin. -->","yoast_head_json":{"title":"Camping Set - diyzwerginmirjana","robots":{"index":"index","follow":"follow","max-snippet":"max-snippet:-1","max-image-preview":"max-image-preview:large","max-video-preview":"max-video-preview:-1"},"canonical":"https:\/\/diyzwerginmirjana.de\/index.php\/produkt\/camping-set\/","og_locale":"de_DE","og_type":"article","og_title":"Camping Set - diyzwerginmirjana","og_description":"Ein Camping Set zum verschenken oder sich selbst gl\u00fccklich zu machen. &nbsp; Im Set enthalten, sind 6 Filzuntersetzer (3x Motiv, 3x I\u2665camping\/I\u2665boating), Jutetasche und ein Miniwindlicht. Die Untersetzer haben einen Durchmesser von \u00d8 10 cm. Das Windlicht hat eine H\u00f6he von 10cm und sch\u00fctzt ihr Kerzenlicht ideal vor Wind. Der Beutel ist aus hochwertigem Jutestoff [&hellip;]","og_url":"https:\/\/diyzwerginmirjana.de\/index.php\/produkt\/camping-set\/","og_site_name":"diyzwerginmirjana","article_publisher":"https:\/\/www.facebook.com\/profile.php?id=100078929584222","article_modified_time":"2025-05-29T17:30:18+00:00","og_image":[{"width":2560,"height":1707,"url":"https:\/\/diyzwerginmirjana.de\/wp-content\/uploads\/2024\/06\/IMGP5740-1-scaled.jpg","type":"image\/jpeg"}],"twitter_card":"summary_large_image","twitter_misc":{"Gesch\u00e4tzte Lesezeit":"1\u00a0Minute"},"schema":{"@context":"https:\/\/schema.org","@graph":[{"@type":"WebPage","@id":"https:\/\/diyzwerginmirjana.de\/index.php\/produkt\/camping-set\/","url":"https:\/\/diyzwerginmirjana.de\/index.php\/produkt\/camping-set\/","name":"Camping Set - diyzwerginmirjana","isPartOf":{"@id":"https:\/\/diyzwerginmirjana.de\/#website"},"primaryImageOfPage":{"@id":"https:\/\/diyzwerginmirjana.de\/index.php\/produkt\/camping-set\/#primaryimage"},"image":{"@id":"https:\/\/diyzwerginmirjana.de\/index.php\/produkt\/camping-set\/#primaryimage"},"thumbnailUrl":"https:\/\/diyzwerginmirjana.de\/wp-content\/uploads\/2024\/06\/IMGP5740-1-scaled.jpg","datePublished":"2024-06-01T14:54:45+00:00","dateModified":"2025-05-29T17:30:18+00:00","breadcrumb":{"@id":"https:\/\/diyzwerginmirjana.de\/index.php\/produkt\/camping-set\/#breadcrumb"},"inLanguage":"de","potentialAction":[{"@type":"ReadAction","target":["https:\/\/diyzwerginmirjana.de\/index.php\/produkt\/camping-set\/"]}]},{"@type":"ImageObject","inLanguage":"de","@id":"https:\/\/diyzwerginmirjana.de\/index.php\/produkt\/camping-set\/#primaryimage","url":"https:\/\/diyzwerginmirjana.de\/wp-content\/uploads\/2024\/06\/IMGP5740-1-scaled.jpg","contentUrl":"https:\/\/diyzwerginmirjana.de\/wp-content\/uploads\/2024\/06\/IMGP5740-1-scaled.jpg","width":2560,"height":1707},{"@type":"BreadcrumbList","@id":"https:\/\/diyzwerginmirjana.de\/index.php\/produkt\/camping-set\/#breadcrumb","itemListElement":[{"@type":"ListItem","position":1,"name":"Startseite","item":"https:\/\/diyzwerginmirjana.de\/"},{"@type":"ListItem","position":2,"name":"Shop","item":"https:\/\/diyzwerginmirjana.de\/index.php\/shop\/"},{"@type":"ListItem","position":3,"name":"Camping Set"}]},{"@type":"WebSite","@id":"https:\/\/diyzwerginmirjana.de\/#website","url":"https:\/\/diyzwerginmirjana.de\/","name":"diyzwerginmirjana","description":"individuelle Geschenke mit liebe zum Detail","publisher":{"@id":"https:\/\/diyzwerginmirjana.de\/#organization"},"potentialAction":[{"@type":"SearchAction","target":{"@type":"EntryPoint","urlTemplate":"https:\/\/diyzwerginmirjana.de\/?s={search_term_string}"},"query-input":{"@type":"PropertyValueSpecification","valueRequired":true,"valueName":"search_term_string"}}],"inLanguage":"de"},{"@type":"Organization","@id":"https:\/\/diyzwerginmirjana.de\/#organization","name":"diyzwerginmirjana","url":"https:\/\/diyzwerginmirjana.de\/","logo":{"@type":"ImageObject","inLanguage":"de","@id":"https:\/\/diyzwerginmirjana.de\/#\/schema\/logo\/image\/","url":"https:\/\/diyzwerginmirjana.de\/wp-content\/uploads\/2023\/10\/cropped-Logo3.jpeg","contentUrl":"https:\/\/diyzwerginmirjana.de\/wp-content\/uploads\/2023\/10\/cropped-Logo3.jpeg","width":1467,"height":260,"caption":"diyzwerginmirjana"},"image":{"@id":"https:\/\/diyzwerginmirjana.de\/#\/schema\/logo\/image\/"},"sameAs":["https:\/\/www.facebook.com\/profile.php?id=100078929584222","https:\/\/instagram.com\/diyzwerginmirjana?igshid=MzMyNGUyNmU2YQ&utm_source=qr"]}]}},"_links":{"self":[{"href":"https:\/\/diyzwerginmirjana.de\/index.php\/wp-json\/wp\/v2\/product\/692","targetHints":{"allow":["GET"]}}],"collection":[{"href":"https:\/\/diyzwerginmirjana.de\/index.php\/wp-json\/wp\/v2\/product"}],"about":[{"href":"https:\/\/diyzwerginmirjana.de\/index.php\/wp-json\/wp\/v2\/types\/product"}],"replies":[{"embeddable":true,"href":"https:\/\/diyzwerginmirjana.de\/index.php\/wp-json\/wp\/v2\/comments?post=692"}],"wp:featuredmedia":[{"embeddable":true,"href":"https:\/\/diyzwerginmirjana.de\/index.php\/wp-json\/wp\/v2\/media\/668"}],"wp:attachment":[{"href":"https:\/\/diyzwerginmirjana.de\/index.php\/wp-json\/wp\/v2\/media?parent=692"}],"wp:term":[{"taxonomy":"product_brand","embeddable":true,"href":"https:\/\/diyzwerginmirjana.de\/index.php\/wp-json\/wp\/v2\/product_brand?post=692"},{"taxonomy":"product_cat","embeddable":true,"href":"https:\/\/diyzwerginmirjana.de\/index.php\/wp-json\/wp\/v2\/product_cat?post=692"},{"taxonomy":"product_tag","embeddable":true,"href":"https:\/\/diyzwerginmirjana.de\/index.php\/wp-json\/wp\/v2\/product_tag?post=692"}],"curies":[{"name":"wp","href":"https:\/\/api.w.org\/{rel}","templated":true}]}}