{"id":912,"date":"2025-01-12T19:02:32","date_gmt":"2025-01-12T18:02:32","guid":{"rendered":"https:\/\/diyzwerginmirjana.de\/?post_type=product&#038;p=912"},"modified":"2026-02-22T15:36:28","modified_gmt":"2026-02-22T14:36:28","slug":"hase-mit-vase","status":"publish","type":"product","link":"https:\/\/diyzwerginmirjana.de\/index.php\/produkt\/hase-mit-vase\/","title":{"rendered":"Hase mit Vase"},"content":{"rendered":"<p>Bringen Sie \u00f6sterliche Fr\u00f6hlichkeit in Ihr Zuhause mit diesem charmanten Holzh\u00e4schen, das eine kleine Glasvase tr\u00e4gt.<\/p>\n<ul>\n<li>15x2x22 cm<\/li>\n<\/ul>\n<p>Der Hase ist mit einem frischen, wei\u00dfen Design bedruckt und tr\u00e4gtdie liebevolle Aufschrift \u201ehello easter\u201c, was sie zu einem perfekten Blickfang f\u00fcr Ihre Osterdekoration macht. Die Vase ist ideal, um frische Blumen oder kleine Deko-Elemente zu arrangieren, wobei sie in diesem Angebot ohne Blumen geliefert werden. Perfekt f\u00fcr eine fr\u00f6hliche und stilvolle Osterstimmung!<\/p>\n","protected":false},"excerpt":{"rendered":"<p>Bringen Sie \u00f6sterliche Fr\u00f6hlichkeit in Ihr Zuhause mit diesem charmanten Holzh\u00e4schen, das eine kleine Glasvase tr\u00e4gt. 15x2x22 cm Der Hase ist mit einem frischen, wei\u00dfen Design bedruckt und tr\u00e4gtdie liebevolle Aufschrift \u201ehello easter\u201c, was sie zu einem perfekten Blickfang f\u00fcr Ihre Osterdekoration macht. Die Vase ist ideal, um frische Blumen oder kleine Deko-Elemente zu arrangieren, [&hellip;]<\/p>\n","protected":false},"featured_media":915,"comment_status":"open","ping_status":"closed","template":"","meta":[],"product_brand":[],"product_cat":[74,83,71,15],"product_tag":[55,56,88,95,86,109],"class_list":{"0":"post-912","1":"product","2":"type-product","3":"status-publish","4":"has-post-thumbnail","6":"product_cat-dekoration","7":"product_cat-ostern","8":"product_cat-tischdekoration","9":"product_cat-unkategorisiert","10":"product_tag-deko","11":"product_tag-dekoration","12":"product_tag-hase","13":"product_tag-holz","14":"product_tag-ostern","15":"product_tag-vase","17":"first","18":"instock","19":"shipping-taxable","20":"purchasable","21":"product-type-simple"},"yoast_head":"<!-- This site is optimized with the Yoast SEO plugin v27.4 - https:\/\/yoast.com\/product\/yoast-seo-wordpress\/ -->\n<title>Hase mit Vase - diyzwerginmirjana<\/title>\n<meta name=\"robots\" content=\"index, follow, max-snippet:-1, max-image-preview:large, max-video-preview:-1\" \/>\n<link rel=\"canonical\" href=\"https:\/\/diyzwerginmirjana.de\/index.php\/produkt\/hase-mit-vase\/\" \/>\n<meta property=\"og:locale\" content=\"de_DE\" \/>\n<meta property=\"og:type\" content=\"article\" \/>\n<meta property=\"og:title\" content=\"Hase mit Vase - diyzwerginmirjana\" \/>\n<meta property=\"og:description\" content=\"Bringen Sie \u00f6sterliche Fr\u00f6hlichkeit in Ihr Zuhause mit diesem charmanten Holzh\u00e4schen, das eine kleine Glasvase tr\u00e4gt. 15x2x22 cm Der Hase ist mit einem frischen, wei\u00dfen Design bedruckt und tr\u00e4gtdie liebevolle Aufschrift \u201ehello easter\u201c, was sie zu einem perfekten Blickfang f\u00fcr Ihre Osterdekoration macht. Die Vase ist ideal, um frische Blumen oder kleine Deko-Elemente zu arrangieren, [&hellip;]\" \/>\n<meta property=\"og:url\" content=\"https:\/\/diyzwerginmirjana.de\/index.php\/produkt\/hase-mit-vase\/\" \/>\n<meta property=\"og:site_name\" content=\"diyzwerginmirjana\" \/>\n<meta property=\"article:publisher\" content=\"https:\/\/www.facebook.com\/profile.php?id=100078929584222\" \/>\n<meta property=\"article:modified_time\" content=\"2026-02-22T14:36:28+00:00\" \/>\n<meta name=\"twitter:card\" content=\"summary_large_image\" \/>\n<meta name=\"twitter:label1\" content=\"Gesch\u00e4tzte Lesezeit\" \/>\n\t<meta name=\"twitter:data1\" content=\"1\u00a0Minute\" \/>\n<script type=\"application\/ld+json\" class=\"yoast-schema-graph\">{\"@context\":\"https:\\\/\\\/schema.org\",\"@graph\":[{\"@type\":\"WebPage\",\"@id\":\"https:\\\/\\\/diyzwerginmirjana.de\\\/index.php\\\/produkt\\\/hase-mit-vase\\\/\",\"url\":\"https:\\\/\\\/diyzwerginmirjana.de\\\/index.php\\\/produkt\\\/hase-mit-vase\\\/\",\"name\":\"Hase mit Vase - diyzwerginmirjana\",\"isPartOf\":{\"@id\":\"https:\\\/\\\/diyzwerginmirjana.de\\\/#website\"},\"primaryImageOfPage\":{\"@id\":\"https:\\\/\\\/diyzwerginmirjana.de\\\/index.php\\\/produkt\\\/hase-mit-vase\\\/#primaryimage\"},\"image\":{\"@id\":\"https:\\\/\\\/diyzwerginmirjana.de\\\/index.php\\\/produkt\\\/hase-mit-vase\\\/#primaryimage\"},\"thumbnailUrl\":\"https:\\\/\\\/diyzwerginmirjana.de\\\/wp-content\\\/uploads\\\/2025\\\/01\\\/IMG_7931-scaled.jpg\",\"datePublished\":\"2025-01-12T18:02:32+00:00\",\"dateModified\":\"2026-02-22T14:36:28+00:00\",\"breadcrumb\":{\"@id\":\"https:\\\/\\\/diyzwerginmirjana.de\\\/index.php\\\/produkt\\\/hase-mit-vase\\\/#breadcrumb\"},\"inLanguage\":\"de\",\"potentialAction\":[{\"@type\":\"ReadAction\",\"target\":[\"https:\\\/\\\/diyzwerginmirjana.de\\\/index.php\\\/produkt\\\/hase-mit-vase\\\/\"]}]},{\"@type\":\"ImageObject\",\"inLanguage\":\"de\",\"@id\":\"https:\\\/\\\/diyzwerginmirjana.de\\\/index.php\\\/produkt\\\/hase-mit-vase\\\/#primaryimage\",\"url\":\"https:\\\/\\\/diyzwerginmirjana.de\\\/wp-content\\\/uploads\\\/2025\\\/01\\\/IMG_7931-scaled.jpg\",\"contentUrl\":\"https:\\\/\\\/diyzwerginmirjana.de\\\/wp-content\\\/uploads\\\/2025\\\/01\\\/IMG_7931-scaled.jpg\",\"width\":1920,\"height\":2560},{\"@type\":\"BreadcrumbList\",\"@id\":\"https:\\\/\\\/diyzwerginmirjana.de\\\/index.php\\\/produkt\\\/hase-mit-vase\\\/#breadcrumb\",\"itemListElement\":[{\"@type\":\"ListItem\",\"position\":1,\"name\":\"Startseite\",\"item\":\"https:\\\/\\\/diyzwerginmirjana.de\\\/\"},{\"@type\":\"ListItem\",\"position\":2,\"name\":\"Shop\",\"item\":\"https:\\\/\\\/diyzwerginmirjana.de\\\/index.php\\\/shop\\\/\"},{\"@type\":\"ListItem\",\"position\":3,\"name\":\"Hase mit Vase\"}]},{\"@type\":\"WebSite\",\"@id\":\"https:\\\/\\\/diyzwerginmirjana.de\\\/#website\",\"url\":\"https:\\\/\\\/diyzwerginmirjana.de\\\/\",\"name\":\"diyzwerginmirjana\",\"description\":\"individuelle Geschenke mit liebe zum Detail\",\"publisher\":{\"@id\":\"https:\\\/\\\/diyzwerginmirjana.de\\\/#organization\"},\"potentialAction\":[{\"@type\":\"SearchAction\",\"target\":{\"@type\":\"EntryPoint\",\"urlTemplate\":\"https:\\\/\\\/diyzwerginmirjana.de\\\/?s={search_term_string}\"},\"query-input\":{\"@type\":\"PropertyValueSpecification\",\"valueRequired\":true,\"valueName\":\"search_term_string\"}}],\"inLanguage\":\"de\"},{\"@type\":\"Organization\",\"@id\":\"https:\\\/\\\/diyzwerginmirjana.de\\\/#organization\",\"name\":\"diyzwerginmirjana\",\"url\":\"https:\\\/\\\/diyzwerginmirjana.de\\\/\",\"logo\":{\"@type\":\"ImageObject\",\"inLanguage\":\"de\",\"@id\":\"https:\\\/\\\/diyzwerginmirjana.de\\\/#\\\/schema\\\/logo\\\/image\\\/\",\"url\":\"https:\\\/\\\/diyzwerginmirjana.de\\\/wp-content\\\/uploads\\\/2023\\\/10\\\/cropped-Logo3.jpeg\",\"contentUrl\":\"https:\\\/\\\/diyzwerginmirjana.de\\\/wp-content\\\/uploads\\\/2023\\\/10\\\/cropped-Logo3.jpeg\",\"width\":1467,\"height\":260,\"caption\":\"diyzwerginmirjana\"},\"image\":{\"@id\":\"https:\\\/\\\/diyzwerginmirjana.de\\\/#\\\/schema\\\/logo\\\/image\\\/\"},\"sameAs\":[\"https:\\\/\\\/www.facebook.com\\\/profile.php?id=100078929584222\",\"https:\\\/\\\/instagram.com\\\/diyzwerginmirjana?igshid=MzMyNGUyNmU2YQ&utm_source=qr\"]}]}<\/script>\n<!-- \/ Yoast SEO plugin. -->","yoast_head_json":{"title":"Hase mit Vase - diyzwerginmirjana","robots":{"index":"index","follow":"follow","max-snippet":"max-snippet:-1","max-image-preview":"max-image-preview:large","max-video-preview":"max-video-preview:-1"},"canonical":"https:\/\/diyzwerginmirjana.de\/index.php\/produkt\/hase-mit-vase\/","og_locale":"de_DE","og_type":"article","og_title":"Hase mit Vase - diyzwerginmirjana","og_description":"Bringen Sie \u00f6sterliche Fr\u00f6hlichkeit in Ihr Zuhause mit diesem charmanten Holzh\u00e4schen, das eine kleine Glasvase tr\u00e4gt. 15x2x22 cm Der Hase ist mit einem frischen, wei\u00dfen Design bedruckt und tr\u00e4gtdie liebevolle Aufschrift \u201ehello easter\u201c, was sie zu einem perfekten Blickfang f\u00fcr Ihre Osterdekoration macht. Die Vase ist ideal, um frische Blumen oder kleine Deko-Elemente zu arrangieren, [&hellip;]","og_url":"https:\/\/diyzwerginmirjana.de\/index.php\/produkt\/hase-mit-vase\/","og_site_name":"diyzwerginmirjana","article_publisher":"https:\/\/www.facebook.com\/profile.php?id=100078929584222","article_modified_time":"2026-02-22T14:36:28+00:00","twitter_card":"summary_large_image","twitter_misc":{"Gesch\u00e4tzte Lesezeit":"1\u00a0Minute"},"schema":{"@context":"https:\/\/schema.org","@graph":[{"@type":"WebPage","@id":"https:\/\/diyzwerginmirjana.de\/index.php\/produkt\/hase-mit-vase\/","url":"https:\/\/diyzwerginmirjana.de\/index.php\/produkt\/hase-mit-vase\/","name":"Hase mit Vase - diyzwerginmirjana","isPartOf":{"@id":"https:\/\/diyzwerginmirjana.de\/#website"},"primaryImageOfPage":{"@id":"https:\/\/diyzwerginmirjana.de\/index.php\/produkt\/hase-mit-vase\/#primaryimage"},"image":{"@id":"https:\/\/diyzwerginmirjana.de\/index.php\/produkt\/hase-mit-vase\/#primaryimage"},"thumbnailUrl":"https:\/\/diyzwerginmirjana.de\/wp-content\/uploads\/2025\/01\/IMG_7931-scaled.jpg","datePublished":"2025-01-12T18:02:32+00:00","dateModified":"2026-02-22T14:36:28+00:00","breadcrumb":{"@id":"https:\/\/diyzwerginmirjana.de\/index.php\/produkt\/hase-mit-vase\/#breadcrumb"},"inLanguage":"de","potentialAction":[{"@type":"ReadAction","target":["https:\/\/diyzwerginmirjana.de\/index.php\/produkt\/hase-mit-vase\/"]}]},{"@type":"ImageObject","inLanguage":"de","@id":"https:\/\/diyzwerginmirjana.de\/index.php\/produkt\/hase-mit-vase\/#primaryimage","url":"https:\/\/diyzwerginmirjana.de\/wp-content\/uploads\/2025\/01\/IMG_7931-scaled.jpg","contentUrl":"https:\/\/diyzwerginmirjana.de\/wp-content\/uploads\/2025\/01\/IMG_7931-scaled.jpg","width":1920,"height":2560},{"@type":"BreadcrumbList","@id":"https:\/\/diyzwerginmirjana.de\/index.php\/produkt\/hase-mit-vase\/#breadcrumb","itemListElement":[{"@type":"ListItem","position":1,"name":"Startseite","item":"https:\/\/diyzwerginmirjana.de\/"},{"@type":"ListItem","position":2,"name":"Shop","item":"https:\/\/diyzwerginmirjana.de\/index.php\/shop\/"},{"@type":"ListItem","position":3,"name":"Hase mit Vase"}]},{"@type":"WebSite","@id":"https:\/\/diyzwerginmirjana.de\/#website","url":"https:\/\/diyzwerginmirjana.de\/","name":"diyzwerginmirjana","description":"individuelle Geschenke mit liebe zum Detail","publisher":{"@id":"https:\/\/diyzwerginmirjana.de\/#organization"},"potentialAction":[{"@type":"SearchAction","target":{"@type":"EntryPoint","urlTemplate":"https:\/\/diyzwerginmirjana.de\/?s={search_term_string}"},"query-input":{"@type":"PropertyValueSpecification","valueRequired":true,"valueName":"search_term_string"}}],"inLanguage":"de"},{"@type":"Organization","@id":"https:\/\/diyzwerginmirjana.de\/#organization","name":"diyzwerginmirjana","url":"https:\/\/diyzwerginmirjana.de\/","logo":{"@type":"ImageObject","inLanguage":"de","@id":"https:\/\/diyzwerginmirjana.de\/#\/schema\/logo\/image\/","url":"https:\/\/diyzwerginmirjana.de\/wp-content\/uploads\/2023\/10\/cropped-Logo3.jpeg","contentUrl":"https:\/\/diyzwerginmirjana.de\/wp-content\/uploads\/2023\/10\/cropped-Logo3.jpeg","width":1467,"height":260,"caption":"diyzwerginmirjana"},"image":{"@id":"https:\/\/diyzwerginmirjana.de\/#\/schema\/logo\/image\/"},"sameAs":["https:\/\/www.facebook.com\/profile.php?id=100078929584222","https:\/\/instagram.com\/diyzwerginmirjana?igshid=MzMyNGUyNmU2YQ&utm_source=qr"]}]}},"_links":{"self":[{"href":"https:\/\/diyzwerginmirjana.de\/index.php\/wp-json\/wp\/v2\/product\/912","targetHints":{"allow":["GET"]}}],"collection":[{"href":"https:\/\/diyzwerginmirjana.de\/index.php\/wp-json\/wp\/v2\/product"}],"about":[{"href":"https:\/\/diyzwerginmirjana.de\/index.php\/wp-json\/wp\/v2\/types\/product"}],"replies":[{"embeddable":true,"href":"https:\/\/diyzwerginmirjana.de\/index.php\/wp-json\/wp\/v2\/comments?post=912"}],"wp:featuredmedia":[{"embeddable":true,"href":"https:\/\/diyzwerginmirjana.de\/index.php\/wp-json\/wp\/v2\/media\/915"}],"wp:attachment":[{"href":"https:\/\/diyzwerginmirjana.de\/index.php\/wp-json\/wp\/v2\/media?parent=912"}],"wp:term":[{"taxonomy":"product_brand","embeddable":true,"href":"https:\/\/diyzwerginmirjana.de\/index.php\/wp-json\/wp\/v2\/product_brand?post=912"},{"taxonomy":"product_cat","embeddable":true,"href":"https:\/\/diyzwerginmirjana.de\/index.php\/wp-json\/wp\/v2\/product_cat?post=912"},{"taxonomy":"product_tag","embeddable":true,"href":"https:\/\/diyzwerginmirjana.de\/index.php\/wp-json\/wp\/v2\/product_tag?post=912"}],"curies":[{"name":"wp","href":"https:\/\/api.w.org\/{rel}","templated":true}]}}