{"id":937,"date":"2025-01-12T19:30:14","date_gmt":"2025-01-12T18:30:14","guid":{"rendered":"https:\/\/diyzwerginmirjana.de\/?post_type=product&#038;p=937"},"modified":"2025-05-29T19:34:56","modified_gmt":"2025-05-29T17:34:56","slug":"dekorative-haeuser","status":"publish","type":"product","link":"https:\/\/diyzwerginmirjana.de\/index.php\/produkt\/dekorative-haeuser\/","title":{"rendered":"Dekorative H\u00e4user\u00a0"},"content":{"rendered":"<p>Bringen Sie rustikalen Charme in Ihr Zuhause mit diesen dekorativen H\u00e4usern aus hochwertigem, naturbelassenem Mangoholz. Diese einzigartigen Deko-Objekte sind in drei verschiedenen Gr\u00f6\u00dfen erh\u00e4ltlich:<\/p>\n<ul>\n<li><strong>7x2x10 cm<\/strong><\/li>\n<li><strong>11x2x15 cm<\/strong><\/li>\n<li><strong>15x2x20 cm<\/strong><\/li>\n<\/ul>\n<p>Jedes Haus ist einzeln erh\u00e4ltlich, sodass Sie Ihre Sammlung individuell gestalten k\u00f6nnen. W\u00e4hlen Sie aus drei stilvollen Motiven:<\/p>\n<ul>\n<li><strong>&#8222;Home Sweet Home&#8220;<\/strong> f\u00fcr ein warmes Willkommensgef\u00fchl<\/li>\n<li><strong>Herzmotiv<\/strong> f\u00fcr eine liebevolle Note<\/li>\n<li><strong>&#8222;Home&#8220;<\/strong> f\u00fcr zeitlose Eleganz<\/li>\n<\/ul>\n<p>Ideal als Geschenk oder f\u00fcr Ihr eigenes Zuhause \u2013 diese Mangoholzh\u00e4user passen perfekt zu jedem Einrichtungsstil.<\/p>\n","protected":false},"excerpt":{"rendered":"<p>Bringen Sie rustikalen Charme in Ihr Zuhause mit diesen dekorativen H\u00e4usern aus hochwertigem, naturbelassenem Mangoholz. Diese einzigartigen Deko-Objekte sind in drei verschiedenen Gr\u00f6\u00dfen erh\u00e4ltlich: 7x2x10 cm 11x2x15 cm 15x2x20 cm Jedes Haus ist einzeln erh\u00e4ltlich, sodass Sie Ihre Sammlung individuell gestalten k\u00f6nnen. W\u00e4hlen Sie aus drei stilvollen Motiven: &#8222;Home Sweet Home&#8220; f\u00fcr ein warmes Willkommensgef\u00fchl [&hellip;]<\/p>\n","protected":false},"featured_media":925,"comment_status":"open","ping_status":"closed","template":"","meta":[],"product_brand":[],"product_cat":[150,35,74,36,128,71,15],"product_tag":[152,95,153],"class_list":{"0":"post-937","1":"product","2":"type-product","3":"status-publish","4":"has-post-thumbnail","6":"product_cat-angebot","7":"product_cat-beliebte-produkte","8":"product_cat-dekoration","9":"product_cat-front-page-produkte","10":"product_cat-sommer","11":"product_cat-tischdekoration","12":"product_cat-unkategorisiert","13":"product_tag-haus","14":"product_tag-holz","15":"product_tag-home","17":"first","18":"instock","19":"shipping-taxable","20":"purchasable","21":"product-type-variable"},"yoast_head":"<!-- This site is optimized with the Yoast SEO plugin v27.5 - https:\/\/yoast.com\/product\/yoast-seo-wordpress\/ -->\n<title>Dekorative H\u00e4user\u00a0 - diyzwerginmirjana<\/title>\n<meta name=\"robots\" content=\"index, follow, max-snippet:-1, max-image-preview:large, max-video-preview:-1\" \/>\n<link rel=\"canonical\" href=\"https:\/\/diyzwerginmirjana.de\/index.php\/produkt\/dekorative-haeuser\/\" \/>\n<meta property=\"og:locale\" content=\"de_DE\" \/>\n<meta property=\"og:type\" content=\"article\" \/>\n<meta property=\"og:title\" content=\"Dekorative H\u00e4user\u00a0 - diyzwerginmirjana\" \/>\n<meta property=\"og:description\" content=\"Bringen Sie rustikalen Charme in Ihr Zuhause mit diesen dekorativen H\u00e4usern aus hochwertigem, naturbelassenem Mangoholz. Diese einzigartigen Deko-Objekte sind in drei verschiedenen Gr\u00f6\u00dfen erh\u00e4ltlich: 7x2x10 cm 11x2x15 cm 15x2x20 cm Jedes Haus ist einzeln erh\u00e4ltlich, sodass Sie Ihre Sammlung individuell gestalten k\u00f6nnen. W\u00e4hlen Sie aus drei stilvollen Motiven: &#8222;Home Sweet Home&#8220; f\u00fcr ein warmes Willkommensgef\u00fchl [&hellip;]\" \/>\n<meta property=\"og:url\" content=\"https:\/\/diyzwerginmirjana.de\/index.php\/produkt\/dekorative-haeuser\/\" \/>\n<meta property=\"og:site_name\" content=\"diyzwerginmirjana\" \/>\n<meta property=\"article:publisher\" content=\"https:\/\/www.facebook.com\/profile.php?id=100078929584222\" \/>\n<meta property=\"article:modified_time\" content=\"2025-05-29T17:34:56+00:00\" \/>\n<meta name=\"twitter:card\" content=\"summary_large_image\" \/>\n<meta name=\"twitter:label1\" content=\"Gesch\u00e4tzte Lesezeit\" \/>\n\t<meta name=\"twitter:data1\" content=\"1\u00a0Minute\" \/>\n<script type=\"application\/ld+json\" class=\"yoast-schema-graph\">{\"@context\":\"https:\\\/\\\/schema.org\",\"@graph\":[{\"@type\":\"WebPage\",\"@id\":\"https:\\\/\\\/diyzwerginmirjana.de\\\/index.php\\\/produkt\\\/dekorative-haeuser\\\/\",\"url\":\"https:\\\/\\\/diyzwerginmirjana.de\\\/index.php\\\/produkt\\\/dekorative-haeuser\\\/\",\"name\":\"Dekorative H\u00e4user\u00a0 - diyzwerginmirjana\",\"isPartOf\":{\"@id\":\"https:\\\/\\\/diyzwerginmirjana.de\\\/#website\"},\"primaryImageOfPage\":{\"@id\":\"https:\\\/\\\/diyzwerginmirjana.de\\\/index.php\\\/produkt\\\/dekorative-haeuser\\\/#primaryimage\"},\"image\":{\"@id\":\"https:\\\/\\\/diyzwerginmirjana.de\\\/index.php\\\/produkt\\\/dekorative-haeuser\\\/#primaryimage\"},\"thumbnailUrl\":\"https:\\\/\\\/diyzwerginmirjana.de\\\/wp-content\\\/uploads\\\/2025\\\/01\\\/IMG_7940-scaled.jpg\",\"datePublished\":\"2025-01-12T18:30:14+00:00\",\"dateModified\":\"2025-05-29T17:34:56+00:00\",\"breadcrumb\":{\"@id\":\"https:\\\/\\\/diyzwerginmirjana.de\\\/index.php\\\/produkt\\\/dekorative-haeuser\\\/#breadcrumb\"},\"inLanguage\":\"de\",\"potentialAction\":[{\"@type\":\"ReadAction\",\"target\":[\"https:\\\/\\\/diyzwerginmirjana.de\\\/index.php\\\/produkt\\\/dekorative-haeuser\\\/\"]}]},{\"@type\":\"ImageObject\",\"inLanguage\":\"de\",\"@id\":\"https:\\\/\\\/diyzwerginmirjana.de\\\/index.php\\\/produkt\\\/dekorative-haeuser\\\/#primaryimage\",\"url\":\"https:\\\/\\\/diyzwerginmirjana.de\\\/wp-content\\\/uploads\\\/2025\\\/01\\\/IMG_7940-scaled.jpg\",\"contentUrl\":\"https:\\\/\\\/diyzwerginmirjana.de\\\/wp-content\\\/uploads\\\/2025\\\/01\\\/IMG_7940-scaled.jpg\",\"width\":1920,\"height\":2560},{\"@type\":\"BreadcrumbList\",\"@id\":\"https:\\\/\\\/diyzwerginmirjana.de\\\/index.php\\\/produkt\\\/dekorative-haeuser\\\/#breadcrumb\",\"itemListElement\":[{\"@type\":\"ListItem\",\"position\":1,\"name\":\"Startseite\",\"item\":\"https:\\\/\\\/diyzwerginmirjana.de\\\/\"},{\"@type\":\"ListItem\",\"position\":2,\"name\":\"Shop\",\"item\":\"https:\\\/\\\/diyzwerginmirjana.de\\\/index.php\\\/shop\\\/\"},{\"@type\":\"ListItem\",\"position\":3,\"name\":\"Dekorative H\u00e4user\u00a0\"}]},{\"@type\":\"WebSite\",\"@id\":\"https:\\\/\\\/diyzwerginmirjana.de\\\/#website\",\"url\":\"https:\\\/\\\/diyzwerginmirjana.de\\\/\",\"name\":\"diyzwerginmirjana\",\"description\":\"individuelle Geschenke mit liebe zum Detail\",\"publisher\":{\"@id\":\"https:\\\/\\\/diyzwerginmirjana.de\\\/#organization\"},\"potentialAction\":[{\"@type\":\"SearchAction\",\"target\":{\"@type\":\"EntryPoint\",\"urlTemplate\":\"https:\\\/\\\/diyzwerginmirjana.de\\\/?s={search_term_string}\"},\"query-input\":{\"@type\":\"PropertyValueSpecification\",\"valueRequired\":true,\"valueName\":\"search_term_string\"}}],\"inLanguage\":\"de\"},{\"@type\":\"Organization\",\"@id\":\"https:\\\/\\\/diyzwerginmirjana.de\\\/#organization\",\"name\":\"diyzwerginmirjana\",\"url\":\"https:\\\/\\\/diyzwerginmirjana.de\\\/\",\"logo\":{\"@type\":\"ImageObject\",\"inLanguage\":\"de\",\"@id\":\"https:\\\/\\\/diyzwerginmirjana.de\\\/#\\\/schema\\\/logo\\\/image\\\/\",\"url\":\"https:\\\/\\\/diyzwerginmirjana.de\\\/wp-content\\\/uploads\\\/2023\\\/10\\\/cropped-Logo3.jpeg\",\"contentUrl\":\"https:\\\/\\\/diyzwerginmirjana.de\\\/wp-content\\\/uploads\\\/2023\\\/10\\\/cropped-Logo3.jpeg\",\"width\":1467,\"height\":260,\"caption\":\"diyzwerginmirjana\"},\"image\":{\"@id\":\"https:\\\/\\\/diyzwerginmirjana.de\\\/#\\\/schema\\\/logo\\\/image\\\/\"},\"sameAs\":[\"https:\\\/\\\/www.facebook.com\\\/profile.php?id=100078929584222\",\"https:\\\/\\\/instagram.com\\\/diyzwerginmirjana?igshid=MzMyNGUyNmU2YQ&utm_source=qr\"]}]}<\/script>\n<!-- \/ Yoast SEO plugin. -->","yoast_head_json":{"title":"Dekorative H\u00e4user\u00a0 - diyzwerginmirjana","robots":{"index":"index","follow":"follow","max-snippet":"max-snippet:-1","max-image-preview":"max-image-preview:large","max-video-preview":"max-video-preview:-1"},"canonical":"https:\/\/diyzwerginmirjana.de\/index.php\/produkt\/dekorative-haeuser\/","og_locale":"de_DE","og_type":"article","og_title":"Dekorative H\u00e4user\u00a0 - diyzwerginmirjana","og_description":"Bringen Sie rustikalen Charme in Ihr Zuhause mit diesen dekorativen H\u00e4usern aus hochwertigem, naturbelassenem Mangoholz. Diese einzigartigen Deko-Objekte sind in drei verschiedenen Gr\u00f6\u00dfen erh\u00e4ltlich: 7x2x10 cm 11x2x15 cm 15x2x20 cm Jedes Haus ist einzeln erh\u00e4ltlich, sodass Sie Ihre Sammlung individuell gestalten k\u00f6nnen. W\u00e4hlen Sie aus drei stilvollen Motiven: &#8222;Home Sweet Home&#8220; f\u00fcr ein warmes Willkommensgef\u00fchl [&hellip;]","og_url":"https:\/\/diyzwerginmirjana.de\/index.php\/produkt\/dekorative-haeuser\/","og_site_name":"diyzwerginmirjana","article_publisher":"https:\/\/www.facebook.com\/profile.php?id=100078929584222","article_modified_time":"2025-05-29T17:34:56+00:00","twitter_card":"summary_large_image","twitter_misc":{"Gesch\u00e4tzte Lesezeit":"1\u00a0Minute"},"schema":{"@context":"https:\/\/schema.org","@graph":[{"@type":"WebPage","@id":"https:\/\/diyzwerginmirjana.de\/index.php\/produkt\/dekorative-haeuser\/","url":"https:\/\/diyzwerginmirjana.de\/index.php\/produkt\/dekorative-haeuser\/","name":"Dekorative H\u00e4user\u00a0 - diyzwerginmirjana","isPartOf":{"@id":"https:\/\/diyzwerginmirjana.de\/#website"},"primaryImageOfPage":{"@id":"https:\/\/diyzwerginmirjana.de\/index.php\/produkt\/dekorative-haeuser\/#primaryimage"},"image":{"@id":"https:\/\/diyzwerginmirjana.de\/index.php\/produkt\/dekorative-haeuser\/#primaryimage"},"thumbnailUrl":"https:\/\/diyzwerginmirjana.de\/wp-content\/uploads\/2025\/01\/IMG_7940-scaled.jpg","datePublished":"2025-01-12T18:30:14+00:00","dateModified":"2025-05-29T17:34:56+00:00","breadcrumb":{"@id":"https:\/\/diyzwerginmirjana.de\/index.php\/produkt\/dekorative-haeuser\/#breadcrumb"},"inLanguage":"de","potentialAction":[{"@type":"ReadAction","target":["https:\/\/diyzwerginmirjana.de\/index.php\/produkt\/dekorative-haeuser\/"]}]},{"@type":"ImageObject","inLanguage":"de","@id":"https:\/\/diyzwerginmirjana.de\/index.php\/produkt\/dekorative-haeuser\/#primaryimage","url":"https:\/\/diyzwerginmirjana.de\/wp-content\/uploads\/2025\/01\/IMG_7940-scaled.jpg","contentUrl":"https:\/\/diyzwerginmirjana.de\/wp-content\/uploads\/2025\/01\/IMG_7940-scaled.jpg","width":1920,"height":2560},{"@type":"BreadcrumbList","@id":"https:\/\/diyzwerginmirjana.de\/index.php\/produkt\/dekorative-haeuser\/#breadcrumb","itemListElement":[{"@type":"ListItem","position":1,"name":"Startseite","item":"https:\/\/diyzwerginmirjana.de\/"},{"@type":"ListItem","position":2,"name":"Shop","item":"https:\/\/diyzwerginmirjana.de\/index.php\/shop\/"},{"@type":"ListItem","position":3,"name":"Dekorative H\u00e4user\u00a0"}]},{"@type":"WebSite","@id":"https:\/\/diyzwerginmirjana.de\/#website","url":"https:\/\/diyzwerginmirjana.de\/","name":"diyzwerginmirjana","description":"individuelle Geschenke mit liebe zum Detail","publisher":{"@id":"https:\/\/diyzwerginmirjana.de\/#organization"},"potentialAction":[{"@type":"SearchAction","target":{"@type":"EntryPoint","urlTemplate":"https:\/\/diyzwerginmirjana.de\/?s={search_term_string}"},"query-input":{"@type":"PropertyValueSpecification","valueRequired":true,"valueName":"search_term_string"}}],"inLanguage":"de"},{"@type":"Organization","@id":"https:\/\/diyzwerginmirjana.de\/#organization","name":"diyzwerginmirjana","url":"https:\/\/diyzwerginmirjana.de\/","logo":{"@type":"ImageObject","inLanguage":"de","@id":"https:\/\/diyzwerginmirjana.de\/#\/schema\/logo\/image\/","url":"https:\/\/diyzwerginmirjana.de\/wp-content\/uploads\/2023\/10\/cropped-Logo3.jpeg","contentUrl":"https:\/\/diyzwerginmirjana.de\/wp-content\/uploads\/2023\/10\/cropped-Logo3.jpeg","width":1467,"height":260,"caption":"diyzwerginmirjana"},"image":{"@id":"https:\/\/diyzwerginmirjana.de\/#\/schema\/logo\/image\/"},"sameAs":["https:\/\/www.facebook.com\/profile.php?id=100078929584222","https:\/\/instagram.com\/diyzwerginmirjana?igshid=MzMyNGUyNmU2YQ&utm_source=qr"]}]}},"_links":{"self":[{"href":"https:\/\/diyzwerginmirjana.de\/index.php\/wp-json\/wp\/v2\/product\/937","targetHints":{"allow":["GET"]}}],"collection":[{"href":"https:\/\/diyzwerginmirjana.de\/index.php\/wp-json\/wp\/v2\/product"}],"about":[{"href":"https:\/\/diyzwerginmirjana.de\/index.php\/wp-json\/wp\/v2\/types\/product"}],"replies":[{"embeddable":true,"href":"https:\/\/diyzwerginmirjana.de\/index.php\/wp-json\/wp\/v2\/comments?post=937"}],"wp:featuredmedia":[{"embeddable":true,"href":"https:\/\/diyzwerginmirjana.de\/index.php\/wp-json\/wp\/v2\/media\/925"}],"wp:attachment":[{"href":"https:\/\/diyzwerginmirjana.de\/index.php\/wp-json\/wp\/v2\/media?parent=937"}],"wp:term":[{"taxonomy":"product_brand","embeddable":true,"href":"https:\/\/diyzwerginmirjana.de\/index.php\/wp-json\/wp\/v2\/product_brand?post=937"},{"taxonomy":"product_cat","embeddable":true,"href":"https:\/\/diyzwerginmirjana.de\/index.php\/wp-json\/wp\/v2\/product_cat?post=937"},{"taxonomy":"product_tag","embeddable":true,"href":"https:\/\/diyzwerginmirjana.de\/index.php\/wp-json\/wp\/v2\/product_tag?post=937"}],"curies":[{"name":"wp","href":"https:\/\/api.w.org\/{rel}","templated":true}]}}