{"id":948,"date":"2025-01-28T06:08:18","date_gmt":"2025-01-28T05:08:18","guid":{"rendered":"https:\/\/diyzwerginmirjana.de\/?post_type=product&#038;p=948"},"modified":"2025-05-29T19:35:25","modified_gmt":"2025-05-29T17:35:25","slug":"partner-vase","status":"publish","type":"product","link":"https:\/\/diyzwerginmirjana.de\/index.php\/produkt\/partner-vase\/","title":{"rendered":"Partner Vase"},"content":{"rendered":"<p>Diese elegante Vase vereint rustikalen Charme mit einer pers\u00f6nlichen Note. Der obere Rand ist mit einem dekorativen Juteband und 2 Holzherzen verziert, das der Vase eine warme und nat\u00fcrliche Ausstrahlung verleiht. Perfekt erg\u00e4nzt wird das Design durch die M\u00f6glichkeit, die Namen eines Paares in feiner wei\u00dfer Schrift darauf zu plotten \u2013 zum Beispiel \u201eMirjana &amp; Johannes\u201c.<\/p>\n<p>Ideal als Geschenk zur Hochzeit, zum Jahrestag oder f\u00fcr frisch Verliebte. Die Vase eignet sich hervorragend als dekoratives Element in jedem Zuhause und kann mit Blumen oder Trockenarrangements individuell gestaltet werden.<\/p>\n<p><strong>Details:<\/strong><\/p>\n<ul>\n<li>Material: Glas mit Juteband und Holzherz<\/li>\n<li>Personalisierung: Individuell geplottete Namen in Wei\u00df<\/li>\n<li>Gr\u00f6\u00dfe: H15 x B9 x T9cm<\/li>\n<li>Perfekt f\u00fcr Hochzeiten, Jubil\u00e4en oder besondere Anl\u00e4sse<\/li>\n<\/ul>\n<p>Mache deinen Liebsten eine Freude mit einem handgemachten Unikat, das eine pers\u00f6nliche Botschaft tr\u00e4gt!<\/p>\n","protected":false},"excerpt":{"rendered":"<p>Diese elegante Vase vereint rustikalen Charme mit einer pers\u00f6nlichen Note. Der obere Rand ist mit einem dekorativen Juteband und 2 Holzherzen verziert, das der Vase eine warme und nat\u00fcrliche Ausstrahlung verleiht. Perfekt erg\u00e4nzt wird das Design durch die M\u00f6glichkeit, die Namen eines Paares in feiner wei\u00dfer Schrift darauf zu plotten \u2013 zum Beispiel \u201eMirjana &amp; [&hellip;]<\/p>\n","protected":false},"featured_media":930,"comment_status":"open","ping_status":"closed","template":"","meta":[],"product_brand":[],"product_cat":[74,118,128,71],"product_tag":[155,115,119,156,102,109],"class_list":{"0":"post-948","1":"product","2":"type-product","3":"status-publish","4":"has-post-thumbnail","6":"product_cat-dekoration","7":"product_cat-hochzeit","8":"product_cat-sommer","9":"product_cat-tischdekoration","10":"product_tag-glas","11":"product_tag-herz","12":"product_tag-hochzeit","13":"product_tag-patner","14":"product_tag-personalisiert","15":"product_tag-vase","17":"first","18":"instock","19":"shipping-taxable","20":"purchasable","21":"product-type-simple"},"yoast_head":"<!-- This site is optimized with the Yoast SEO plugin v27.5 - https:\/\/yoast.com\/product\/yoast-seo-wordpress\/ -->\n<title>Partner Vase - diyzwerginmirjana<\/title>\n<meta name=\"robots\" content=\"index, follow, max-snippet:-1, max-image-preview:large, max-video-preview:-1\" \/>\n<link rel=\"canonical\" href=\"https:\/\/diyzwerginmirjana.de\/index.php\/produkt\/partner-vase\/\" \/>\n<meta property=\"og:locale\" content=\"de_DE\" \/>\n<meta property=\"og:type\" content=\"article\" \/>\n<meta property=\"og:title\" content=\"Partner Vase - diyzwerginmirjana\" \/>\n<meta property=\"og:description\" content=\"Diese elegante Vase vereint rustikalen Charme mit einer pers\u00f6nlichen Note. Der obere Rand ist mit einem dekorativen Juteband und 2 Holzherzen verziert, das der Vase eine warme und nat\u00fcrliche Ausstrahlung verleiht. Perfekt erg\u00e4nzt wird das Design durch die M\u00f6glichkeit, die Namen eines Paares in feiner wei\u00dfer Schrift darauf zu plotten \u2013 zum Beispiel \u201eMirjana &amp; [&hellip;]\" \/>\n<meta property=\"og:url\" content=\"https:\/\/diyzwerginmirjana.de\/index.php\/produkt\/partner-vase\/\" \/>\n<meta property=\"og:site_name\" content=\"diyzwerginmirjana\" \/>\n<meta property=\"article:publisher\" content=\"https:\/\/www.facebook.com\/profile.php?id=100078929584222\" \/>\n<meta property=\"article:modified_time\" content=\"2025-05-29T17:35:25+00:00\" \/>\n<meta name=\"twitter:card\" content=\"summary_large_image\" \/>\n<meta name=\"twitter:label1\" content=\"Gesch\u00e4tzte Lesezeit\" \/>\n\t<meta name=\"twitter:data1\" content=\"1\u00a0Minute\" \/>\n<script type=\"application\/ld+json\" class=\"yoast-schema-graph\">{\"@context\":\"https:\\\/\\\/schema.org\",\"@graph\":[{\"@type\":\"WebPage\",\"@id\":\"https:\\\/\\\/diyzwerginmirjana.de\\\/index.php\\\/produkt\\\/partner-vase\\\/\",\"url\":\"https:\\\/\\\/diyzwerginmirjana.de\\\/index.php\\\/produkt\\\/partner-vase\\\/\",\"name\":\"Partner Vase - diyzwerginmirjana\",\"isPartOf\":{\"@id\":\"https:\\\/\\\/diyzwerginmirjana.de\\\/#website\"},\"primaryImageOfPage\":{\"@id\":\"https:\\\/\\\/diyzwerginmirjana.de\\\/index.php\\\/produkt\\\/partner-vase\\\/#primaryimage\"},\"image\":{\"@id\":\"https:\\\/\\\/diyzwerginmirjana.de\\\/index.php\\\/produkt\\\/partner-vase\\\/#primaryimage\"},\"thumbnailUrl\":\"https:\\\/\\\/diyzwerginmirjana.de\\\/wp-content\\\/uploads\\\/2025\\\/01\\\/IMG_7956-scaled.jpg\",\"datePublished\":\"2025-01-28T05:08:18+00:00\",\"dateModified\":\"2025-05-29T17:35:25+00:00\",\"breadcrumb\":{\"@id\":\"https:\\\/\\\/diyzwerginmirjana.de\\\/index.php\\\/produkt\\\/partner-vase\\\/#breadcrumb\"},\"inLanguage\":\"de\",\"potentialAction\":[{\"@type\":\"ReadAction\",\"target\":[\"https:\\\/\\\/diyzwerginmirjana.de\\\/index.php\\\/produkt\\\/partner-vase\\\/\"]}]},{\"@type\":\"ImageObject\",\"inLanguage\":\"de\",\"@id\":\"https:\\\/\\\/diyzwerginmirjana.de\\\/index.php\\\/produkt\\\/partner-vase\\\/#primaryimage\",\"url\":\"https:\\\/\\\/diyzwerginmirjana.de\\\/wp-content\\\/uploads\\\/2025\\\/01\\\/IMG_7956-scaled.jpg\",\"contentUrl\":\"https:\\\/\\\/diyzwerginmirjana.de\\\/wp-content\\\/uploads\\\/2025\\\/01\\\/IMG_7956-scaled.jpg\",\"width\":1920,\"height\":2560},{\"@type\":\"BreadcrumbList\",\"@id\":\"https:\\\/\\\/diyzwerginmirjana.de\\\/index.php\\\/produkt\\\/partner-vase\\\/#breadcrumb\",\"itemListElement\":[{\"@type\":\"ListItem\",\"position\":1,\"name\":\"Startseite\",\"item\":\"https:\\\/\\\/diyzwerginmirjana.de\\\/\"},{\"@type\":\"ListItem\",\"position\":2,\"name\":\"Shop\",\"item\":\"https:\\\/\\\/diyzwerginmirjana.de\\\/index.php\\\/shop\\\/\"},{\"@type\":\"ListItem\",\"position\":3,\"name\":\"Partner Vase\"}]},{\"@type\":\"WebSite\",\"@id\":\"https:\\\/\\\/diyzwerginmirjana.de\\\/#website\",\"url\":\"https:\\\/\\\/diyzwerginmirjana.de\\\/\",\"name\":\"diyzwerginmirjana\",\"description\":\"individuelle Geschenke mit liebe zum Detail\",\"publisher\":{\"@id\":\"https:\\\/\\\/diyzwerginmirjana.de\\\/#organization\"},\"potentialAction\":[{\"@type\":\"SearchAction\",\"target\":{\"@type\":\"EntryPoint\",\"urlTemplate\":\"https:\\\/\\\/diyzwerginmirjana.de\\\/?s={search_term_string}\"},\"query-input\":{\"@type\":\"PropertyValueSpecification\",\"valueRequired\":true,\"valueName\":\"search_term_string\"}}],\"inLanguage\":\"de\"},{\"@type\":\"Organization\",\"@id\":\"https:\\\/\\\/diyzwerginmirjana.de\\\/#organization\",\"name\":\"diyzwerginmirjana\",\"url\":\"https:\\\/\\\/diyzwerginmirjana.de\\\/\",\"logo\":{\"@type\":\"ImageObject\",\"inLanguage\":\"de\",\"@id\":\"https:\\\/\\\/diyzwerginmirjana.de\\\/#\\\/schema\\\/logo\\\/image\\\/\",\"url\":\"https:\\\/\\\/diyzwerginmirjana.de\\\/wp-content\\\/uploads\\\/2023\\\/10\\\/cropped-Logo3.jpeg\",\"contentUrl\":\"https:\\\/\\\/diyzwerginmirjana.de\\\/wp-content\\\/uploads\\\/2023\\\/10\\\/cropped-Logo3.jpeg\",\"width\":1467,\"height\":260,\"caption\":\"diyzwerginmirjana\"},\"image\":{\"@id\":\"https:\\\/\\\/diyzwerginmirjana.de\\\/#\\\/schema\\\/logo\\\/image\\\/\"},\"sameAs\":[\"https:\\\/\\\/www.facebook.com\\\/profile.php?id=100078929584222\",\"https:\\\/\\\/instagram.com\\\/diyzwerginmirjana?igshid=MzMyNGUyNmU2YQ&utm_source=qr\"]}]}<\/script>\n<!-- \/ Yoast SEO plugin. -->","yoast_head_json":{"title":"Partner Vase - diyzwerginmirjana","robots":{"index":"index","follow":"follow","max-snippet":"max-snippet:-1","max-image-preview":"max-image-preview:large","max-video-preview":"max-video-preview:-1"},"canonical":"https:\/\/diyzwerginmirjana.de\/index.php\/produkt\/partner-vase\/","og_locale":"de_DE","og_type":"article","og_title":"Partner Vase - diyzwerginmirjana","og_description":"Diese elegante Vase vereint rustikalen Charme mit einer pers\u00f6nlichen Note. Der obere Rand ist mit einem dekorativen Juteband und 2 Holzherzen verziert, das der Vase eine warme und nat\u00fcrliche Ausstrahlung verleiht. Perfekt erg\u00e4nzt wird das Design durch die M\u00f6glichkeit, die Namen eines Paares in feiner wei\u00dfer Schrift darauf zu plotten \u2013 zum Beispiel \u201eMirjana &amp; [&hellip;]","og_url":"https:\/\/diyzwerginmirjana.de\/index.php\/produkt\/partner-vase\/","og_site_name":"diyzwerginmirjana","article_publisher":"https:\/\/www.facebook.com\/profile.php?id=100078929584222","article_modified_time":"2025-05-29T17:35:25+00:00","twitter_card":"summary_large_image","twitter_misc":{"Gesch\u00e4tzte Lesezeit":"1\u00a0Minute"},"schema":{"@context":"https:\/\/schema.org","@graph":[{"@type":"WebPage","@id":"https:\/\/diyzwerginmirjana.de\/index.php\/produkt\/partner-vase\/","url":"https:\/\/diyzwerginmirjana.de\/index.php\/produkt\/partner-vase\/","name":"Partner Vase - diyzwerginmirjana","isPartOf":{"@id":"https:\/\/diyzwerginmirjana.de\/#website"},"primaryImageOfPage":{"@id":"https:\/\/diyzwerginmirjana.de\/index.php\/produkt\/partner-vase\/#primaryimage"},"image":{"@id":"https:\/\/diyzwerginmirjana.de\/index.php\/produkt\/partner-vase\/#primaryimage"},"thumbnailUrl":"https:\/\/diyzwerginmirjana.de\/wp-content\/uploads\/2025\/01\/IMG_7956-scaled.jpg","datePublished":"2025-01-28T05:08:18+00:00","dateModified":"2025-05-29T17:35:25+00:00","breadcrumb":{"@id":"https:\/\/diyzwerginmirjana.de\/index.php\/produkt\/partner-vase\/#breadcrumb"},"inLanguage":"de","potentialAction":[{"@type":"ReadAction","target":["https:\/\/diyzwerginmirjana.de\/index.php\/produkt\/partner-vase\/"]}]},{"@type":"ImageObject","inLanguage":"de","@id":"https:\/\/diyzwerginmirjana.de\/index.php\/produkt\/partner-vase\/#primaryimage","url":"https:\/\/diyzwerginmirjana.de\/wp-content\/uploads\/2025\/01\/IMG_7956-scaled.jpg","contentUrl":"https:\/\/diyzwerginmirjana.de\/wp-content\/uploads\/2025\/01\/IMG_7956-scaled.jpg","width":1920,"height":2560},{"@type":"BreadcrumbList","@id":"https:\/\/diyzwerginmirjana.de\/index.php\/produkt\/partner-vase\/#breadcrumb","itemListElement":[{"@type":"ListItem","position":1,"name":"Startseite","item":"https:\/\/diyzwerginmirjana.de\/"},{"@type":"ListItem","position":2,"name":"Shop","item":"https:\/\/diyzwerginmirjana.de\/index.php\/shop\/"},{"@type":"ListItem","position":3,"name":"Partner Vase"}]},{"@type":"WebSite","@id":"https:\/\/diyzwerginmirjana.de\/#website","url":"https:\/\/diyzwerginmirjana.de\/","name":"diyzwerginmirjana","description":"individuelle Geschenke mit liebe zum Detail","publisher":{"@id":"https:\/\/diyzwerginmirjana.de\/#organization"},"potentialAction":[{"@type":"SearchAction","target":{"@type":"EntryPoint","urlTemplate":"https:\/\/diyzwerginmirjana.de\/?s={search_term_string}"},"query-input":{"@type":"PropertyValueSpecification","valueRequired":true,"valueName":"search_term_string"}}],"inLanguage":"de"},{"@type":"Organization","@id":"https:\/\/diyzwerginmirjana.de\/#organization","name":"diyzwerginmirjana","url":"https:\/\/diyzwerginmirjana.de\/","logo":{"@type":"ImageObject","inLanguage":"de","@id":"https:\/\/diyzwerginmirjana.de\/#\/schema\/logo\/image\/","url":"https:\/\/diyzwerginmirjana.de\/wp-content\/uploads\/2023\/10\/cropped-Logo3.jpeg","contentUrl":"https:\/\/diyzwerginmirjana.de\/wp-content\/uploads\/2023\/10\/cropped-Logo3.jpeg","width":1467,"height":260,"caption":"diyzwerginmirjana"},"image":{"@id":"https:\/\/diyzwerginmirjana.de\/#\/schema\/logo\/image\/"},"sameAs":["https:\/\/www.facebook.com\/profile.php?id=100078929584222","https:\/\/instagram.com\/diyzwerginmirjana?igshid=MzMyNGUyNmU2YQ&utm_source=qr"]}]}},"_links":{"self":[{"href":"https:\/\/diyzwerginmirjana.de\/index.php\/wp-json\/wp\/v2\/product\/948","targetHints":{"allow":["GET"]}}],"collection":[{"href":"https:\/\/diyzwerginmirjana.de\/index.php\/wp-json\/wp\/v2\/product"}],"about":[{"href":"https:\/\/diyzwerginmirjana.de\/index.php\/wp-json\/wp\/v2\/types\/product"}],"replies":[{"embeddable":true,"href":"https:\/\/diyzwerginmirjana.de\/index.php\/wp-json\/wp\/v2\/comments?post=948"}],"wp:featuredmedia":[{"embeddable":true,"href":"https:\/\/diyzwerginmirjana.de\/index.php\/wp-json\/wp\/v2\/media\/930"}],"wp:attachment":[{"href":"https:\/\/diyzwerginmirjana.de\/index.php\/wp-json\/wp\/v2\/media?parent=948"}],"wp:term":[{"taxonomy":"product_brand","embeddable":true,"href":"https:\/\/diyzwerginmirjana.de\/index.php\/wp-json\/wp\/v2\/product_brand?post=948"},{"taxonomy":"product_cat","embeddable":true,"href":"https:\/\/diyzwerginmirjana.de\/index.php\/wp-json\/wp\/v2\/product_cat?post=948"},{"taxonomy":"product_tag","embeddable":true,"href":"https:\/\/diyzwerginmirjana.de\/index.php\/wp-json\/wp\/v2\/product_tag?post=948"}],"curies":[{"name":"wp","href":"https:\/\/api.w.org\/{rel}","templated":true}]}}