{"id":963,"date":"2025-03-31T20:24:05","date_gmt":"2025-03-31T18:24:05","guid":{"rendered":"https:\/\/diyzwerginmirjana.de\/?post_type=product&#038;p=963"},"modified":"2026-02-18T15:34:59","modified_gmt":"2026-02-18T14:34:59","slug":"personalisierte-holzkiste-zur-kommunion-erinnerung-fuer-die-ewigkeit-auch-zur-konfirmation","status":"publish","type":"product","link":"https:\/\/diyzwerginmirjana.de\/index.php\/produkt\/personalisierte-holzkiste-zur-kommunion-erinnerung-fuer-die-ewigkeit-auch-zur-konfirmation\/","title":{"rendered":"Personalisierte Holzkiste zur Kommunion \u2013 Erinnerung f\u00fcr die Ewigkeit (auch zur Konfirmation)"},"content":{"rendered":"<p class=\"\" data-start=\"77\" data-end=\"327\">Diese hochwertige, massive Holzkiste wird mit deinem Wunschnamen und auf Wunsch auch mit dem Datum deiner Kommunion individuell gestaltet. Sie ist die perfekte Erinnerung an diesen besonderen Tag und bietet ausreichend Platz f\u00fcr wertvolle Andenken.<\/p>\n<p class=\"\" data-start=\"329\" data-end=\"479\">Du kannst zwischen zwei stilvollen Motiven w\u00e4hlen: zwei Fische oder ein Kreuz. Falls du ein anderes Design w\u00fcnschst, sende uns gerne eine Nachricht!<\/p>\n<p class=\"\" data-start=\"481\" data-end=\"554\">Das Design ist in einem eleganten Blauton oder in zartem Pink gehalten.<\/p>\n<p class=\"\" data-start=\"481\" data-end=\"554\"><strong data-start=\"559\" data-end=\"568\">Ma\u00dfe:<\/strong> 30 x 20 x 14 cm (L x B x H)<\/p>\n<p class=\"\" data-start=\"600\" data-end=\"740\">Gib deinen Wunschnamen und das Datum einfach in das entsprechende Feld ein \u2013 und schon entsteht deine ganz pers\u00f6nliche Erinnerungskiste!<\/p>\n","protected":false},"excerpt":{"rendered":"<p>Diese hochwertige, massive Holzkiste wird mit deinem Wunschnamen und auf Wunsch auch mit dem Datum deiner Kommunion individuell gestaltet. Sie ist die perfekte Erinnerung an diesen besonderen Tag und bietet ausreichend Platz f\u00fcr wertvolle Andenken. Du kannst zwischen zwei stilvollen Motiven w\u00e4hlen: zwei Fische oder ein Kreuz. Falls du ein anderes Design w\u00fcnschst, sende uns [&hellip;]<\/p>\n","protected":false},"featured_media":964,"comment_status":"open","ping_status":"closed","template":"","meta":[],"product_brand":[],"product_cat":[104,15],"product_tag":[],"class_list":{"0":"post-963","1":"product","2":"type-product","3":"status-publish","4":"has-post-thumbnail","6":"product_cat-kommunion-konfirmation","7":"product_cat-unkategorisiert","9":"first","10":"instock","11":"shipping-taxable","12":"purchasable","13":"product-type-simple"},"yoast_head":"<!-- This site is optimized with the Yoast SEO plugin v27.4 - https:\/\/yoast.com\/product\/yoast-seo-wordpress\/ -->\n<title>Personalisierte Holzkiste zur Kommunion \u2013 Erinnerung f\u00fcr die Ewigkeit (auch zur Konfirmation) - diyzwerginmirjana<\/title>\n<meta name=\"robots\" content=\"index, follow, max-snippet:-1, max-image-preview:large, max-video-preview:-1\" \/>\n<link rel=\"canonical\" href=\"https:\/\/diyzwerginmirjana.de\/index.php\/produkt\/personalisierte-holzkiste-zur-kommunion-erinnerung-fuer-die-ewigkeit-auch-zur-konfirmation\/\" \/>\n<meta property=\"og:locale\" content=\"de_DE\" \/>\n<meta property=\"og:type\" content=\"article\" \/>\n<meta property=\"og:title\" content=\"Personalisierte Holzkiste zur Kommunion \u2013 Erinnerung f\u00fcr die Ewigkeit (auch zur Konfirmation) - diyzwerginmirjana\" \/>\n<meta property=\"og:description\" content=\"Diese hochwertige, massive Holzkiste wird mit deinem Wunschnamen und auf Wunsch auch mit dem Datum deiner Kommunion individuell gestaltet. Sie ist die perfekte Erinnerung an diesen besonderen Tag und bietet ausreichend Platz f\u00fcr wertvolle Andenken. Du kannst zwischen zwei stilvollen Motiven w\u00e4hlen: zwei Fische oder ein Kreuz. Falls du ein anderes Design w\u00fcnschst, sende uns [&hellip;]\" \/>\n<meta property=\"og:url\" content=\"https:\/\/diyzwerginmirjana.de\/index.php\/produkt\/personalisierte-holzkiste-zur-kommunion-erinnerung-fuer-die-ewigkeit-auch-zur-konfirmation\/\" \/>\n<meta property=\"og:site_name\" content=\"diyzwerginmirjana\" \/>\n<meta property=\"article:publisher\" content=\"https:\/\/www.facebook.com\/profile.php?id=100078929584222\" \/>\n<meta property=\"article:modified_time\" content=\"2026-02-18T14:34:59+00:00\" \/>\n<meta property=\"og:image\" content=\"https:\/\/diyzwerginmirjana.de\/wp-content\/uploads\/2025\/03\/Holz-Kiste.jpg\" \/>\n\t<meta property=\"og:image:width\" content=\"1200\" \/>\n\t<meta property=\"og:image:height\" content=\"1600\" \/>\n\t<meta property=\"og:image:type\" content=\"image\/jpeg\" \/>\n<meta name=\"twitter:card\" content=\"summary_large_image\" \/>\n<meta name=\"twitter:label1\" content=\"Gesch\u00e4tzte Lesezeit\" \/>\n\t<meta name=\"twitter:data1\" content=\"1\u00a0Minute\" \/>\n<script type=\"application\/ld+json\" class=\"yoast-schema-graph\">{\"@context\":\"https:\\\/\\\/schema.org\",\"@graph\":[{\"@type\":\"WebPage\",\"@id\":\"https:\\\/\\\/diyzwerginmirjana.de\\\/index.php\\\/produkt\\\/personalisierte-holzkiste-zur-kommunion-erinnerung-fuer-die-ewigkeit-auch-zur-konfirmation\\\/\",\"url\":\"https:\\\/\\\/diyzwerginmirjana.de\\\/index.php\\\/produkt\\\/personalisierte-holzkiste-zur-kommunion-erinnerung-fuer-die-ewigkeit-auch-zur-konfirmation\\\/\",\"name\":\"Personalisierte Holzkiste zur Kommunion \u2013 Erinnerung f\u00fcr die Ewigkeit (auch zur Konfirmation) - diyzwerginmirjana\",\"isPartOf\":{\"@id\":\"https:\\\/\\\/diyzwerginmirjana.de\\\/#website\"},\"primaryImageOfPage\":{\"@id\":\"https:\\\/\\\/diyzwerginmirjana.de\\\/index.php\\\/produkt\\\/personalisierte-holzkiste-zur-kommunion-erinnerung-fuer-die-ewigkeit-auch-zur-konfirmation\\\/#primaryimage\"},\"image\":{\"@id\":\"https:\\\/\\\/diyzwerginmirjana.de\\\/index.php\\\/produkt\\\/personalisierte-holzkiste-zur-kommunion-erinnerung-fuer-die-ewigkeit-auch-zur-konfirmation\\\/#primaryimage\"},\"thumbnailUrl\":\"https:\\\/\\\/diyzwerginmirjana.de\\\/wp-content\\\/uploads\\\/2025\\\/03\\\/Holz-Kiste.jpg\",\"datePublished\":\"2025-03-31T18:24:05+00:00\",\"dateModified\":\"2026-02-18T14:34:59+00:00\",\"breadcrumb\":{\"@id\":\"https:\\\/\\\/diyzwerginmirjana.de\\\/index.php\\\/produkt\\\/personalisierte-holzkiste-zur-kommunion-erinnerung-fuer-die-ewigkeit-auch-zur-konfirmation\\\/#breadcrumb\"},\"inLanguage\":\"de\",\"potentialAction\":[{\"@type\":\"ReadAction\",\"target\":[\"https:\\\/\\\/diyzwerginmirjana.de\\\/index.php\\\/produkt\\\/personalisierte-holzkiste-zur-kommunion-erinnerung-fuer-die-ewigkeit-auch-zur-konfirmation\\\/\"]}]},{\"@type\":\"ImageObject\",\"inLanguage\":\"de\",\"@id\":\"https:\\\/\\\/diyzwerginmirjana.de\\\/index.php\\\/produkt\\\/personalisierte-holzkiste-zur-kommunion-erinnerung-fuer-die-ewigkeit-auch-zur-konfirmation\\\/#primaryimage\",\"url\":\"https:\\\/\\\/diyzwerginmirjana.de\\\/wp-content\\\/uploads\\\/2025\\\/03\\\/Holz-Kiste.jpg\",\"contentUrl\":\"https:\\\/\\\/diyzwerginmirjana.de\\\/wp-content\\\/uploads\\\/2025\\\/03\\\/Holz-Kiste.jpg\",\"width\":1200,\"height\":1600},{\"@type\":\"BreadcrumbList\",\"@id\":\"https:\\\/\\\/diyzwerginmirjana.de\\\/index.php\\\/produkt\\\/personalisierte-holzkiste-zur-kommunion-erinnerung-fuer-die-ewigkeit-auch-zur-konfirmation\\\/#breadcrumb\",\"itemListElement\":[{\"@type\":\"ListItem\",\"position\":1,\"name\":\"Startseite\",\"item\":\"https:\\\/\\\/diyzwerginmirjana.de\\\/\"},{\"@type\":\"ListItem\",\"position\":2,\"name\":\"Shop\",\"item\":\"https:\\\/\\\/diyzwerginmirjana.de\\\/index.php\\\/shop\\\/\"},{\"@type\":\"ListItem\",\"position\":3,\"name\":\"Personalisierte Holzkiste zur Kommunion \u2013 Erinnerung f\u00fcr die Ewigkeit (auch zur Konfirmation)\"}]},{\"@type\":\"WebSite\",\"@id\":\"https:\\\/\\\/diyzwerginmirjana.de\\\/#website\",\"url\":\"https:\\\/\\\/diyzwerginmirjana.de\\\/\",\"name\":\"diyzwerginmirjana\",\"description\":\"individuelle Geschenke mit liebe zum Detail\",\"publisher\":{\"@id\":\"https:\\\/\\\/diyzwerginmirjana.de\\\/#organization\"},\"potentialAction\":[{\"@type\":\"SearchAction\",\"target\":{\"@type\":\"EntryPoint\",\"urlTemplate\":\"https:\\\/\\\/diyzwerginmirjana.de\\\/?s={search_term_string}\"},\"query-input\":{\"@type\":\"PropertyValueSpecification\",\"valueRequired\":true,\"valueName\":\"search_term_string\"}}],\"inLanguage\":\"de\"},{\"@type\":\"Organization\",\"@id\":\"https:\\\/\\\/diyzwerginmirjana.de\\\/#organization\",\"name\":\"diyzwerginmirjana\",\"url\":\"https:\\\/\\\/diyzwerginmirjana.de\\\/\",\"logo\":{\"@type\":\"ImageObject\",\"inLanguage\":\"de\",\"@id\":\"https:\\\/\\\/diyzwerginmirjana.de\\\/#\\\/schema\\\/logo\\\/image\\\/\",\"url\":\"https:\\\/\\\/diyzwerginmirjana.de\\\/wp-content\\\/uploads\\\/2023\\\/10\\\/cropped-Logo3.jpeg\",\"contentUrl\":\"https:\\\/\\\/diyzwerginmirjana.de\\\/wp-content\\\/uploads\\\/2023\\\/10\\\/cropped-Logo3.jpeg\",\"width\":1467,\"height\":260,\"caption\":\"diyzwerginmirjana\"},\"image\":{\"@id\":\"https:\\\/\\\/diyzwerginmirjana.de\\\/#\\\/schema\\\/logo\\\/image\\\/\"},\"sameAs\":[\"https:\\\/\\\/www.facebook.com\\\/profile.php?id=100078929584222\",\"https:\\\/\\\/instagram.com\\\/diyzwerginmirjana?igshid=MzMyNGUyNmU2YQ&utm_source=qr\"]}]}<\/script>\n<!-- \/ Yoast SEO plugin. -->","yoast_head_json":{"title":"Personalisierte Holzkiste zur Kommunion \u2013 Erinnerung f\u00fcr die Ewigkeit (auch zur Konfirmation) - diyzwerginmirjana","robots":{"index":"index","follow":"follow","max-snippet":"max-snippet:-1","max-image-preview":"max-image-preview:large","max-video-preview":"max-video-preview:-1"},"canonical":"https:\/\/diyzwerginmirjana.de\/index.php\/produkt\/personalisierte-holzkiste-zur-kommunion-erinnerung-fuer-die-ewigkeit-auch-zur-konfirmation\/","og_locale":"de_DE","og_type":"article","og_title":"Personalisierte Holzkiste zur Kommunion \u2013 Erinnerung f\u00fcr die Ewigkeit (auch zur Konfirmation) - diyzwerginmirjana","og_description":"Diese hochwertige, massive Holzkiste wird mit deinem Wunschnamen und auf Wunsch auch mit dem Datum deiner Kommunion individuell gestaltet. Sie ist die perfekte Erinnerung an diesen besonderen Tag und bietet ausreichend Platz f\u00fcr wertvolle Andenken. Du kannst zwischen zwei stilvollen Motiven w\u00e4hlen: zwei Fische oder ein Kreuz. Falls du ein anderes Design w\u00fcnschst, sende uns [&hellip;]","og_url":"https:\/\/diyzwerginmirjana.de\/index.php\/produkt\/personalisierte-holzkiste-zur-kommunion-erinnerung-fuer-die-ewigkeit-auch-zur-konfirmation\/","og_site_name":"diyzwerginmirjana","article_publisher":"https:\/\/www.facebook.com\/profile.php?id=100078929584222","article_modified_time":"2026-02-18T14:34:59+00:00","og_image":[{"width":1200,"height":1600,"url":"https:\/\/diyzwerginmirjana.de\/wp-content\/uploads\/2025\/03\/Holz-Kiste.jpg","type":"image\/jpeg"}],"twitter_card":"summary_large_image","twitter_misc":{"Gesch\u00e4tzte Lesezeit":"1\u00a0Minute"},"schema":{"@context":"https:\/\/schema.org","@graph":[{"@type":"WebPage","@id":"https:\/\/diyzwerginmirjana.de\/index.php\/produkt\/personalisierte-holzkiste-zur-kommunion-erinnerung-fuer-die-ewigkeit-auch-zur-konfirmation\/","url":"https:\/\/diyzwerginmirjana.de\/index.php\/produkt\/personalisierte-holzkiste-zur-kommunion-erinnerung-fuer-die-ewigkeit-auch-zur-konfirmation\/","name":"Personalisierte Holzkiste zur Kommunion \u2013 Erinnerung f\u00fcr die Ewigkeit (auch zur Konfirmation) - diyzwerginmirjana","isPartOf":{"@id":"https:\/\/diyzwerginmirjana.de\/#website"},"primaryImageOfPage":{"@id":"https:\/\/diyzwerginmirjana.de\/index.php\/produkt\/personalisierte-holzkiste-zur-kommunion-erinnerung-fuer-die-ewigkeit-auch-zur-konfirmation\/#primaryimage"},"image":{"@id":"https:\/\/diyzwerginmirjana.de\/index.php\/produkt\/personalisierte-holzkiste-zur-kommunion-erinnerung-fuer-die-ewigkeit-auch-zur-konfirmation\/#primaryimage"},"thumbnailUrl":"https:\/\/diyzwerginmirjana.de\/wp-content\/uploads\/2025\/03\/Holz-Kiste.jpg","datePublished":"2025-03-31T18:24:05+00:00","dateModified":"2026-02-18T14:34:59+00:00","breadcrumb":{"@id":"https:\/\/diyzwerginmirjana.de\/index.php\/produkt\/personalisierte-holzkiste-zur-kommunion-erinnerung-fuer-die-ewigkeit-auch-zur-konfirmation\/#breadcrumb"},"inLanguage":"de","potentialAction":[{"@type":"ReadAction","target":["https:\/\/diyzwerginmirjana.de\/index.php\/produkt\/personalisierte-holzkiste-zur-kommunion-erinnerung-fuer-die-ewigkeit-auch-zur-konfirmation\/"]}]},{"@type":"ImageObject","inLanguage":"de","@id":"https:\/\/diyzwerginmirjana.de\/index.php\/produkt\/personalisierte-holzkiste-zur-kommunion-erinnerung-fuer-die-ewigkeit-auch-zur-konfirmation\/#primaryimage","url":"https:\/\/diyzwerginmirjana.de\/wp-content\/uploads\/2025\/03\/Holz-Kiste.jpg","contentUrl":"https:\/\/diyzwerginmirjana.de\/wp-content\/uploads\/2025\/03\/Holz-Kiste.jpg","width":1200,"height":1600},{"@type":"BreadcrumbList","@id":"https:\/\/diyzwerginmirjana.de\/index.php\/produkt\/personalisierte-holzkiste-zur-kommunion-erinnerung-fuer-die-ewigkeit-auch-zur-konfirmation\/#breadcrumb","itemListElement":[{"@type":"ListItem","position":1,"name":"Startseite","item":"https:\/\/diyzwerginmirjana.de\/"},{"@type":"ListItem","position":2,"name":"Shop","item":"https:\/\/diyzwerginmirjana.de\/index.php\/shop\/"},{"@type":"ListItem","position":3,"name":"Personalisierte Holzkiste zur Kommunion \u2013 Erinnerung f\u00fcr die Ewigkeit (auch zur Konfirmation)"}]},{"@type":"WebSite","@id":"https:\/\/diyzwerginmirjana.de\/#website","url":"https:\/\/diyzwerginmirjana.de\/","name":"diyzwerginmirjana","description":"individuelle Geschenke mit liebe zum Detail","publisher":{"@id":"https:\/\/diyzwerginmirjana.de\/#organization"},"potentialAction":[{"@type":"SearchAction","target":{"@type":"EntryPoint","urlTemplate":"https:\/\/diyzwerginmirjana.de\/?s={search_term_string}"},"query-input":{"@type":"PropertyValueSpecification","valueRequired":true,"valueName":"search_term_string"}}],"inLanguage":"de"},{"@type":"Organization","@id":"https:\/\/diyzwerginmirjana.de\/#organization","name":"diyzwerginmirjana","url":"https:\/\/diyzwerginmirjana.de\/","logo":{"@type":"ImageObject","inLanguage":"de","@id":"https:\/\/diyzwerginmirjana.de\/#\/schema\/logo\/image\/","url":"https:\/\/diyzwerginmirjana.de\/wp-content\/uploads\/2023\/10\/cropped-Logo3.jpeg","contentUrl":"https:\/\/diyzwerginmirjana.de\/wp-content\/uploads\/2023\/10\/cropped-Logo3.jpeg","width":1467,"height":260,"caption":"diyzwerginmirjana"},"image":{"@id":"https:\/\/diyzwerginmirjana.de\/#\/schema\/logo\/image\/"},"sameAs":["https:\/\/www.facebook.com\/profile.php?id=100078929584222","https:\/\/instagram.com\/diyzwerginmirjana?igshid=MzMyNGUyNmU2YQ&utm_source=qr"]}]}},"_links":{"self":[{"href":"https:\/\/diyzwerginmirjana.de\/index.php\/wp-json\/wp\/v2\/product\/963","targetHints":{"allow":["GET"]}}],"collection":[{"href":"https:\/\/diyzwerginmirjana.de\/index.php\/wp-json\/wp\/v2\/product"}],"about":[{"href":"https:\/\/diyzwerginmirjana.de\/index.php\/wp-json\/wp\/v2\/types\/product"}],"replies":[{"embeddable":true,"href":"https:\/\/diyzwerginmirjana.de\/index.php\/wp-json\/wp\/v2\/comments?post=963"}],"wp:featuredmedia":[{"embeddable":true,"href":"https:\/\/diyzwerginmirjana.de\/index.php\/wp-json\/wp\/v2\/media\/964"}],"wp:attachment":[{"href":"https:\/\/diyzwerginmirjana.de\/index.php\/wp-json\/wp\/v2\/media?parent=963"}],"wp:term":[{"taxonomy":"product_brand","embeddable":true,"href":"https:\/\/diyzwerginmirjana.de\/index.php\/wp-json\/wp\/v2\/product_brand?post=963"},{"taxonomy":"product_cat","embeddable":true,"href":"https:\/\/diyzwerginmirjana.de\/index.php\/wp-json\/wp\/v2\/product_cat?post=963"},{"taxonomy":"product_tag","embeddable":true,"href":"https:\/\/diyzwerginmirjana.de\/index.php\/wp-json\/wp\/v2\/product_tag?post=963"}],"curies":[{"name":"wp","href":"https:\/\/api.w.org\/{rel}","templated":true}]}}