{"id":979,"date":"2025-08-07T12:08:08","date_gmt":"2025-08-07T10:08:08","guid":{"rendered":"https:\/\/diyzwerginmirjana.de\/?post_type=product&#038;p=979"},"modified":"2025-08-07T12:15:18","modified_gmt":"2025-08-07T10:15:18","slug":"windlicht-holz","status":"publish","type":"product","link":"https:\/\/diyzwerginmirjana.de\/index.php\/produkt\/windlicht-holz\/","title":{"rendered":"Windlicht \u201eHolz\u201c"},"content":{"rendered":"<h3 data-start=\"106\" data-end=\"168\"><\/h3>\n<p data-start=\"170\" data-end=\"381\">Bringe gem\u00fctliches Licht und einen Hauch Heimatliebe in dein Zuhause!<br data-start=\"239\" data-end=\"242\" \/>Unser edles <strong data-start=\"254\" data-end=\"278\">Windlicht \u201eStraberg\u201c<\/strong> \u00fcberzeugt mit modernem Design und klarer Botschaft \u2013 ein Muss f\u00fcr alle, die Straberg im Herzen tragen.<\/p>\n<p data-start=\"383\" data-end=\"402\"><strong data-start=\"383\" data-end=\"402\">Produktdetails:<\/strong><\/p>\n<ul data-start=\"403\" data-end=\"620\">\n<li data-start=\"403\" data-end=\"455\">\n<p data-start=\"405\" data-end=\"455\">Windlicht aus klarem Glas mit Straberg-Skyline<\/p>\n<\/li>\n<li data-start=\"456\" data-end=\"493\">\n<p data-start=\"458\" data-end=\"493\">Stabiles Unterteil aus MDF-Holz<\/p>\n<\/li>\n<li data-start=\"494\" data-end=\"536\">\n<p data-start=\"496\" data-end=\"536\">Fu\u00df: \u00d8 ca. 11,5 cm | H\u00f6he: ca. 4 cm<\/p>\n<\/li>\n<li data-start=\"537\" data-end=\"565\">\n<p data-start=\"539\" data-end=\"565\">Gesamth\u00f6he: ca. 16 cm<\/p>\n<\/li>\n<li data-start=\"566\" data-end=\"620\">\n<p data-start=\"568\" data-end=\"620\">Ideal f\u00fcr Teelichter oder kleine Stumpenkerzen, aber auch mit Lichterketten super kombinierbar<\/p>\n<\/li>\n<\/ul>\n<p data-start=\"622\" data-end=\"875\"><strong data-start=\"622\" data-end=\"651\">Individuell &amp; pers\u00f6nlich:<\/strong><br data-start=\"651\" data-end=\"654\" \/>Du m\u00f6chtest lieber die <strong data-start=\"677\" data-end=\"693\">K\u00f6ln Skyline<\/strong>, den Schriftzug <strong data-start=\"710\" data-end=\"722\">&#8222;Family&#8220;<\/strong> oder etwas ganz anderes? Kein Problem!<br data-start=\"761\" data-end=\"764\" \/>Gerne gestalten wir dein Windlicht ganz nach deinen W\u00fcnschen \u2013 perfekt auch als Geschenk oder Erinnerungsst\u00fcck.<\/p>\n<p data-start=\"877\" data-end=\"994\">Ob auf dem Tisch, im Regal oder als Mitbringsel \u2013 dieses Windlicht setzt ein stilvolles Statement mit Pers\u00f6nlichkeit!<\/p>\n<p data-start=\"877\" data-end=\"994\">Lieferung erfolgt ohne Kerze!<\/p>\n","protected":false},"excerpt":{"rendered":"<p>Bringe gem\u00fctliches Licht und einen Hauch Heimatliebe in dein Zuhause!Unser edles Windlicht \u201eStraberg\u201c \u00fcberzeugt mit modernem Design und klarer Botschaft \u2013 ein Muss f\u00fcr alle, die Straberg im Herzen tragen. Produktdetails: Windlicht aus klarem Glas mit Straberg-Skyline Stabiles Unterteil aus MDF-Holz Fu\u00df: \u00d8 ca. 11,5 cm | H\u00f6he: ca. 4 cm Gesamth\u00f6he: ca. 16 cm [&hellip;]<\/p>\n","protected":false},"featured_media":980,"comment_status":"open","ping_status":"closed","template":"","meta":[],"product_brand":[],"product_cat":[35,137,97,128,71,15,72],"product_tag":[],"class_list":{"0":"post-979","1":"product","2":"type-product","3":"status-publish","4":"has-post-thumbnail","6":"product_cat-beliebte-produkte","7":"product_cat-herbst","8":"product_cat-muttertag","9":"product_cat-sommer","10":"product_cat-tischdekoration","11":"product_cat-unkategorisiert","12":"product_cat-windlicht","14":"first","15":"instock","16":"shipping-taxable","17":"purchasable","18":"product-type-simple"},"yoast_head":"<!-- This site is optimized with the Yoast SEO plugin v27.5 - https:\/\/yoast.com\/product\/yoast-seo-wordpress\/ -->\n<title>Windlicht \u201eHolz\u201c - diyzwerginmirjana<\/title>\n<meta name=\"robots\" content=\"index, follow, max-snippet:-1, max-image-preview:large, max-video-preview:-1\" \/>\n<link rel=\"canonical\" href=\"https:\/\/diyzwerginmirjana.de\/index.php\/produkt\/windlicht-holz\/\" \/>\n<meta property=\"og:locale\" content=\"de_DE\" \/>\n<meta property=\"og:type\" content=\"article\" \/>\n<meta property=\"og:title\" content=\"Windlicht \u201eHolz\u201c - diyzwerginmirjana\" \/>\n<meta property=\"og:description\" content=\"Bringe gem\u00fctliches Licht und einen Hauch Heimatliebe in dein Zuhause!Unser edles Windlicht \u201eStraberg\u201c \u00fcberzeugt mit modernem Design und klarer Botschaft \u2013 ein Muss f\u00fcr alle, die Straberg im Herzen tragen. Produktdetails: Windlicht aus klarem Glas mit Straberg-Skyline Stabiles Unterteil aus MDF-Holz Fu\u00df: \u00d8 ca. 11,5 cm | H\u00f6he: ca. 4 cm Gesamth\u00f6he: ca. 16 cm [&hellip;]\" \/>\n<meta property=\"og:url\" content=\"https:\/\/diyzwerginmirjana.de\/index.php\/produkt\/windlicht-holz\/\" \/>\n<meta property=\"og:site_name\" content=\"diyzwerginmirjana\" \/>\n<meta property=\"article:publisher\" content=\"https:\/\/www.facebook.com\/profile.php?id=100078929584222\" \/>\n<meta property=\"article:modified_time\" content=\"2025-08-07T10:15:18+00:00\" \/>\n<meta property=\"og:image\" content=\"https:\/\/diyzwerginmirjana.de\/wp-content\/uploads\/2025\/08\/Straberg-Windlicht-Holz.jpg\" \/>\n\t<meta property=\"og:image:width\" content=\"1536\" \/>\n\t<meta property=\"og:image:height\" content=\"2048\" \/>\n\t<meta property=\"og:image:type\" content=\"image\/jpeg\" \/>\n<meta name=\"twitter:card\" content=\"summary_large_image\" \/>\n<meta name=\"twitter:label1\" content=\"Gesch\u00e4tzte Lesezeit\" \/>\n\t<meta name=\"twitter:data1\" content=\"1\u00a0Minute\" \/>\n<script type=\"application\/ld+json\" class=\"yoast-schema-graph\">{\"@context\":\"https:\\\/\\\/schema.org\",\"@graph\":[{\"@type\":\"WebPage\",\"@id\":\"https:\\\/\\\/diyzwerginmirjana.de\\\/index.php\\\/produkt\\\/windlicht-holz\\\/\",\"url\":\"https:\\\/\\\/diyzwerginmirjana.de\\\/index.php\\\/produkt\\\/windlicht-holz\\\/\",\"name\":\"Windlicht \u201eHolz\u201c - diyzwerginmirjana\",\"isPartOf\":{\"@id\":\"https:\\\/\\\/diyzwerginmirjana.de\\\/#website\"},\"primaryImageOfPage\":{\"@id\":\"https:\\\/\\\/diyzwerginmirjana.de\\\/index.php\\\/produkt\\\/windlicht-holz\\\/#primaryimage\"},\"image\":{\"@id\":\"https:\\\/\\\/diyzwerginmirjana.de\\\/index.php\\\/produkt\\\/windlicht-holz\\\/#primaryimage\"},\"thumbnailUrl\":\"https:\\\/\\\/diyzwerginmirjana.de\\\/wp-content\\\/uploads\\\/2025\\\/08\\\/Straberg-Windlicht-Holz.jpg\",\"datePublished\":\"2025-08-07T10:08:08+00:00\",\"dateModified\":\"2025-08-07T10:15:18+00:00\",\"breadcrumb\":{\"@id\":\"https:\\\/\\\/diyzwerginmirjana.de\\\/index.php\\\/produkt\\\/windlicht-holz\\\/#breadcrumb\"},\"inLanguage\":\"de\",\"potentialAction\":[{\"@type\":\"ReadAction\",\"target\":[\"https:\\\/\\\/diyzwerginmirjana.de\\\/index.php\\\/produkt\\\/windlicht-holz\\\/\"]}]},{\"@type\":\"ImageObject\",\"inLanguage\":\"de\",\"@id\":\"https:\\\/\\\/diyzwerginmirjana.de\\\/index.php\\\/produkt\\\/windlicht-holz\\\/#primaryimage\",\"url\":\"https:\\\/\\\/diyzwerginmirjana.de\\\/wp-content\\\/uploads\\\/2025\\\/08\\\/Straberg-Windlicht-Holz.jpg\",\"contentUrl\":\"https:\\\/\\\/diyzwerginmirjana.de\\\/wp-content\\\/uploads\\\/2025\\\/08\\\/Straberg-Windlicht-Holz.jpg\",\"width\":1536,\"height\":2048},{\"@type\":\"BreadcrumbList\",\"@id\":\"https:\\\/\\\/diyzwerginmirjana.de\\\/index.php\\\/produkt\\\/windlicht-holz\\\/#breadcrumb\",\"itemListElement\":[{\"@type\":\"ListItem\",\"position\":1,\"name\":\"Startseite\",\"item\":\"https:\\\/\\\/diyzwerginmirjana.de\\\/\"},{\"@type\":\"ListItem\",\"position\":2,\"name\":\"Shop\",\"item\":\"https:\\\/\\\/diyzwerginmirjana.de\\\/index.php\\\/shop\\\/\"},{\"@type\":\"ListItem\",\"position\":3,\"name\":\"Windlicht \u201eHolz\u201c\"}]},{\"@type\":\"WebSite\",\"@id\":\"https:\\\/\\\/diyzwerginmirjana.de\\\/#website\",\"url\":\"https:\\\/\\\/diyzwerginmirjana.de\\\/\",\"name\":\"diyzwerginmirjana\",\"description\":\"individuelle Geschenke mit liebe zum Detail\",\"publisher\":{\"@id\":\"https:\\\/\\\/diyzwerginmirjana.de\\\/#organization\"},\"potentialAction\":[{\"@type\":\"SearchAction\",\"target\":{\"@type\":\"EntryPoint\",\"urlTemplate\":\"https:\\\/\\\/diyzwerginmirjana.de\\\/?s={search_term_string}\"},\"query-input\":{\"@type\":\"PropertyValueSpecification\",\"valueRequired\":true,\"valueName\":\"search_term_string\"}}],\"inLanguage\":\"de\"},{\"@type\":\"Organization\",\"@id\":\"https:\\\/\\\/diyzwerginmirjana.de\\\/#organization\",\"name\":\"diyzwerginmirjana\",\"url\":\"https:\\\/\\\/diyzwerginmirjana.de\\\/\",\"logo\":{\"@type\":\"ImageObject\",\"inLanguage\":\"de\",\"@id\":\"https:\\\/\\\/diyzwerginmirjana.de\\\/#\\\/schema\\\/logo\\\/image\\\/\",\"url\":\"https:\\\/\\\/diyzwerginmirjana.de\\\/wp-content\\\/uploads\\\/2023\\\/10\\\/cropped-Logo3.jpeg\",\"contentUrl\":\"https:\\\/\\\/diyzwerginmirjana.de\\\/wp-content\\\/uploads\\\/2023\\\/10\\\/cropped-Logo3.jpeg\",\"width\":1467,\"height\":260,\"caption\":\"diyzwerginmirjana\"},\"image\":{\"@id\":\"https:\\\/\\\/diyzwerginmirjana.de\\\/#\\\/schema\\\/logo\\\/image\\\/\"},\"sameAs\":[\"https:\\\/\\\/www.facebook.com\\\/profile.php?id=100078929584222\",\"https:\\\/\\\/instagram.com\\\/diyzwerginmirjana?igshid=MzMyNGUyNmU2YQ&utm_source=qr\"]}]}<\/script>\n<!-- \/ Yoast SEO plugin. -->","yoast_head_json":{"title":"Windlicht \u201eHolz\u201c - diyzwerginmirjana","robots":{"index":"index","follow":"follow","max-snippet":"max-snippet:-1","max-image-preview":"max-image-preview:large","max-video-preview":"max-video-preview:-1"},"canonical":"https:\/\/diyzwerginmirjana.de\/index.php\/produkt\/windlicht-holz\/","og_locale":"de_DE","og_type":"article","og_title":"Windlicht \u201eHolz\u201c - diyzwerginmirjana","og_description":"Bringe gem\u00fctliches Licht und einen Hauch Heimatliebe in dein Zuhause!Unser edles Windlicht \u201eStraberg\u201c \u00fcberzeugt mit modernem Design und klarer Botschaft \u2013 ein Muss f\u00fcr alle, die Straberg im Herzen tragen. Produktdetails: Windlicht aus klarem Glas mit Straberg-Skyline Stabiles Unterteil aus MDF-Holz Fu\u00df: \u00d8 ca. 11,5 cm | H\u00f6he: ca. 4 cm Gesamth\u00f6he: ca. 16 cm [&hellip;]","og_url":"https:\/\/diyzwerginmirjana.de\/index.php\/produkt\/windlicht-holz\/","og_site_name":"diyzwerginmirjana","article_publisher":"https:\/\/www.facebook.com\/profile.php?id=100078929584222","article_modified_time":"2025-08-07T10:15:18+00:00","og_image":[{"width":1536,"height":2048,"url":"https:\/\/diyzwerginmirjana.de\/wp-content\/uploads\/2025\/08\/Straberg-Windlicht-Holz.jpg","type":"image\/jpeg"}],"twitter_card":"summary_large_image","twitter_misc":{"Gesch\u00e4tzte Lesezeit":"1\u00a0Minute"},"schema":{"@context":"https:\/\/schema.org","@graph":[{"@type":"WebPage","@id":"https:\/\/diyzwerginmirjana.de\/index.php\/produkt\/windlicht-holz\/","url":"https:\/\/diyzwerginmirjana.de\/index.php\/produkt\/windlicht-holz\/","name":"Windlicht \u201eHolz\u201c - diyzwerginmirjana","isPartOf":{"@id":"https:\/\/diyzwerginmirjana.de\/#website"},"primaryImageOfPage":{"@id":"https:\/\/diyzwerginmirjana.de\/index.php\/produkt\/windlicht-holz\/#primaryimage"},"image":{"@id":"https:\/\/diyzwerginmirjana.de\/index.php\/produkt\/windlicht-holz\/#primaryimage"},"thumbnailUrl":"https:\/\/diyzwerginmirjana.de\/wp-content\/uploads\/2025\/08\/Straberg-Windlicht-Holz.jpg","datePublished":"2025-08-07T10:08:08+00:00","dateModified":"2025-08-07T10:15:18+00:00","breadcrumb":{"@id":"https:\/\/diyzwerginmirjana.de\/index.php\/produkt\/windlicht-holz\/#breadcrumb"},"inLanguage":"de","potentialAction":[{"@type":"ReadAction","target":["https:\/\/diyzwerginmirjana.de\/index.php\/produkt\/windlicht-holz\/"]}]},{"@type":"ImageObject","inLanguage":"de","@id":"https:\/\/diyzwerginmirjana.de\/index.php\/produkt\/windlicht-holz\/#primaryimage","url":"https:\/\/diyzwerginmirjana.de\/wp-content\/uploads\/2025\/08\/Straberg-Windlicht-Holz.jpg","contentUrl":"https:\/\/diyzwerginmirjana.de\/wp-content\/uploads\/2025\/08\/Straberg-Windlicht-Holz.jpg","width":1536,"height":2048},{"@type":"BreadcrumbList","@id":"https:\/\/diyzwerginmirjana.de\/index.php\/produkt\/windlicht-holz\/#breadcrumb","itemListElement":[{"@type":"ListItem","position":1,"name":"Startseite","item":"https:\/\/diyzwerginmirjana.de\/"},{"@type":"ListItem","position":2,"name":"Shop","item":"https:\/\/diyzwerginmirjana.de\/index.php\/shop\/"},{"@type":"ListItem","position":3,"name":"Windlicht \u201eHolz\u201c"}]},{"@type":"WebSite","@id":"https:\/\/diyzwerginmirjana.de\/#website","url":"https:\/\/diyzwerginmirjana.de\/","name":"diyzwerginmirjana","description":"individuelle Geschenke mit liebe zum Detail","publisher":{"@id":"https:\/\/diyzwerginmirjana.de\/#organization"},"potentialAction":[{"@type":"SearchAction","target":{"@type":"EntryPoint","urlTemplate":"https:\/\/diyzwerginmirjana.de\/?s={search_term_string}"},"query-input":{"@type":"PropertyValueSpecification","valueRequired":true,"valueName":"search_term_string"}}],"inLanguage":"de"},{"@type":"Organization","@id":"https:\/\/diyzwerginmirjana.de\/#organization","name":"diyzwerginmirjana","url":"https:\/\/diyzwerginmirjana.de\/","logo":{"@type":"ImageObject","inLanguage":"de","@id":"https:\/\/diyzwerginmirjana.de\/#\/schema\/logo\/image\/","url":"https:\/\/diyzwerginmirjana.de\/wp-content\/uploads\/2023\/10\/cropped-Logo3.jpeg","contentUrl":"https:\/\/diyzwerginmirjana.de\/wp-content\/uploads\/2023\/10\/cropped-Logo3.jpeg","width":1467,"height":260,"caption":"diyzwerginmirjana"},"image":{"@id":"https:\/\/diyzwerginmirjana.de\/#\/schema\/logo\/image\/"},"sameAs":["https:\/\/www.facebook.com\/profile.php?id=100078929584222","https:\/\/instagram.com\/diyzwerginmirjana?igshid=MzMyNGUyNmU2YQ&utm_source=qr"]}]}},"_links":{"self":[{"href":"https:\/\/diyzwerginmirjana.de\/index.php\/wp-json\/wp\/v2\/product\/979","targetHints":{"allow":["GET"]}}],"collection":[{"href":"https:\/\/diyzwerginmirjana.de\/index.php\/wp-json\/wp\/v2\/product"}],"about":[{"href":"https:\/\/diyzwerginmirjana.de\/index.php\/wp-json\/wp\/v2\/types\/product"}],"replies":[{"embeddable":true,"href":"https:\/\/diyzwerginmirjana.de\/index.php\/wp-json\/wp\/v2\/comments?post=979"}],"wp:featuredmedia":[{"embeddable":true,"href":"https:\/\/diyzwerginmirjana.de\/index.php\/wp-json\/wp\/v2\/media\/980"}],"wp:attachment":[{"href":"https:\/\/diyzwerginmirjana.de\/index.php\/wp-json\/wp\/v2\/media?parent=979"}],"wp:term":[{"taxonomy":"product_brand","embeddable":true,"href":"https:\/\/diyzwerginmirjana.de\/index.php\/wp-json\/wp\/v2\/product_brand?post=979"},{"taxonomy":"product_cat","embeddable":true,"href":"https:\/\/diyzwerginmirjana.de\/index.php\/wp-json\/wp\/v2\/product_cat?post=979"},{"taxonomy":"product_tag","embeddable":true,"href":"https:\/\/diyzwerginmirjana.de\/index.php\/wp-json\/wp\/v2\/product_tag?post=979"}],"curies":[{"name":"wp","href":"https:\/\/api.w.org\/{rel}","templated":true}]}}